{"id":4210,"date":"2023-08-26T15:00:27","date_gmt":"2023-08-26T13:00:27","guid":{"rendered":"https:\/\/www.hda-services.com\/informacao-juridica\/"},"modified":"2026-05-08T11:24:12","modified_gmt":"2026-05-08T09:24:12","slug":"informacao-juridica","status":"publish","type":"page","link":"https:\/\/www.hda-services.com\/pt-pt\/informacao-juridica\/","title":{"rendered":"Informa\u00e7\u00e3o jur\u00eddica"},"content":{"rendered":"\t\t<div data-elementor-type=\"wp-page\" data-elementor-id=\"4210\" class=\"elementor elementor-4210 elementor-53\" data-elementor-post-type=\"page\">\n\t\t\t\t<div class=\"elementor-element elementor-element-466d276 e-flex e-con-boxed e-con e-parent\" data-id=\"466d276\" data-element_type=\"container\" data-settings=\"{&quot;background_background&quot;:&quot;classic&quot;}\">\n\t\t\t\t\t<div class=\"e-con-inner\">\n\t\t\t\t<div class=\"elementor-element elementor-element-21a6d10 elementor-widget elementor-widget-heading\" data-id=\"21a6d10\" data-element_type=\"widget\" data-widget_type=\"heading.default\">\n\t\t\t\t<div class=\"elementor-widget-container\">\n\t\t\t<style>\/*! elementor - v3.21.0 - 26-05-2024 *\/\n.elementor-heading-title{padding:0;margin:0;line-height:1}.elementor-widget-heading .elementor-heading-title[class*=elementor-size-]>a{color:inherit;font-size:inherit;line-height:inherit}.elementor-widget-heading .elementor-heading-title.elementor-size-small{font-size:15px}.elementor-widget-heading .elementor-heading-title.elementor-size-medium{font-size:19px}.elementor-widget-heading .elementor-heading-title.elementor-size-large{font-size:29px}.elementor-widget-heading .elementor-heading-title.elementor-size-xl{font-size:39px}.elementor-widget-heading .elementor-heading-title.elementor-size-xxl{font-size:59px}<\/style><h1 class=\"elementor-heading-title elementor-size-default\">Informa\u00e7\u00e3o jur\u00eddica<\/h1>\t\t<\/div>\n\t\t\t\t<\/div>\n\t\t\t\t<div class=\"elementor-element elementor-element-aa0d9c9 elementor-widget elementor-widget-heading\" data-id=\"aa0d9c9\" data-element_type=\"widget\" data-widget_type=\"heading.default\">\n\t\t\t\t<div class=\"elementor-widget-container\">\n\t\t\t<h2 class=\"elementor-heading-title elementor-size-default\">HDA Services - Mudan\u00e7as em Genebra, Vaud e Zurique<\/h2>\t\t<\/div>\n\t\t\t\t<\/div>\n\t\t\t\t\t<\/div>\n\t\t\t\t<\/div>\n\t\t<div class=\"elementor-element elementor-element-7ed9726 e-flex e-con-boxed e-con e-parent\" data-id=\"7ed9726\" data-element_type=\"container\">\n\t\t\t\t\t<div class=\"e-con-inner\">\n\t\t<div class=\"elementor-element elementor-element-d2b2bbe e-flex e-con-boxed e-con e-child\" data-id=\"d2b2bbe\" data-element_type=\"container\">\n\t\t\t\t\t<div class=\"e-con-inner\">\n\t\t\t\t<div class=\"elementor-element elementor-element-41cef62 elementor-widget elementor-widget-text-editor\" data-id=\"41cef62\" data-element_type=\"widget\" data-widget_type=\"text-editor.default\">\n\t\t\t\t<div class=\"elementor-widget-container\">\n\t\t\t<style>\/*! elementor - v3.21.0 - 26-05-2024 *\/\n.elementor-widget-text-editor.elementor-drop-cap-view-stacked .elementor-drop-cap{background-color:#69727d;color:#fff}.elementor-widget-text-editor.elementor-drop-cap-view-framed .elementor-drop-cap{color:#69727d;border:3px solid;background-color:transparent}.elementor-widget-text-editor:not(.elementor-drop-cap-view-default) .elementor-drop-cap{margin-top:8px}.elementor-widget-text-editor:not(.elementor-drop-cap-view-default) .elementor-drop-cap-letter{width:1em;height:1em}.elementor-widget-text-editor .elementor-drop-cap{float:left;text-align:center;line-height:1;font-size:50px}.elementor-widget-text-editor .elementor-drop-cap-letter{display:inline-block}<\/style>\t\t\t\t<p><strong>Editor e propriet\u00e1rio<\/strong><\/p><p>HDA Services<br>Route des Jeunes 4ter<br>CH-1227 Les Acacias, Genebra<br> +41227931362<br><a href=\"mailto:info@hda-services.com\">info@hda-services.com<\/a><\/p><p><strong>Diretor editorial<\/strong><\/p><p>Servi\u00e7os HDA<\/p><p><strong>Anfitri\u00e3o<\/strong><\/p><p>Este s\u00edtio est\u00e1 alojado em <a href=\"https:\/\/www.infomaniak.com\" target=\"_blank\" rel=\"noopener\">infomaniak.com<\/a><br><a href=\"https:\/\/www.webbih.com\" target=\"_blank\" rel=\"noopener\">Cria\u00e7\u00e3o do s\u00edtio pela ag\u00eancia web offshore webbih.com<\/a><\/p><p><strong>Propriedade intelectual<\/strong><\/p><p>Em conformidade com as disposi\u00e7\u00f5es do artigo L 112-3 do C\u00f3digo da Propriedade Intelectual franc\u00eas, todos os elementos que comp\u00f5em o s\u00edtio n\u00e3o podem ser reproduzidos, no todo ou em parte, em qualquer suporte, sem a autoriza\u00e7\u00e3o expressa do operador do s\u00edtio ou do seu cession\u00e1rio, sob pena de serem tomadas medidas legais.<\/p><p><strong>Prote\u00e7\u00e3o de dados pessoais<\/strong><\/p><p>Gostar\u00edamos de o informar que os dados solicitados num pedido de informa\u00e7\u00e3o s\u00e3o necess\u00e1rios para gerir o seu pedido. Em conformidade com os artigos 39\u00ba e seguintes da Lei n.\u00ba 78-17 de 6 de janeiro de 1978 relativa \u00e0 prote\u00e7\u00e3o de dados, disp\u00f5e de um direito de acesso, de modifica\u00e7\u00e3o, de retifica\u00e7\u00e3o e de supress\u00e3o dos dados que lhe dizem respeito. Para exercer este direito, contacte-nos exclusivamente por correio eletr\u00f3nico para o endere\u00e7o de contacto acima indicado.<\/p>\t\t\t\t\t\t<\/div>\n\t\t\t\t<\/div>\n\t\t\t\t\t<\/div>\n\t\t\t\t<\/div>\n\t\t\t\t\t<\/div>\n\t\t\t\t<\/div>\n\t\t\t\t<\/div>\n\t\t","protected":false},"excerpt":{"rendered":"<p>Informa\u00e7\u00e3o jur\u00eddica HDA Services &#8211; Mudan\u00e7as em Genebra, Vaud e Zurique Editor e propriet\u00e1rio HDA ServicesRoute des Jeunes 4terCH-1227 Les Acacias, Genebra +41227931362info@hda-services.com Diretor editorial Servi\u00e7os HDA Anfitri\u00e3o Este s\u00edtio est\u00e1 alojado em infomaniak.comCria\u00e7\u00e3o do s\u00edtio pela ag\u00eancia web offshore webbih.com Propriedade intelectual Em conformidade com as disposi\u00e7\u00f5es do artigo L 112-3 do C\u00f3digo da [&hellip;]<\/p>\n","protected":false},"author":1,"featured_media":0,"parent":0,"menu_order":0,"comment_status":"closed","ping_status":"open","template":"","meta":{"site-sidebar-layout":"default","site-content-layout":"page-builder","ast-site-content-layout":"default","site-content-style":"default","site-sidebar-style":"default","ast-global-header-display":"","ast-banner-title-visibility":"disabled","ast-main-header-display":"","ast-hfb-above-header-display":"","ast-hfb-below-header-display":"","ast-hfb-mobile-header-display":"","site-post-title":"disabled","ast-breadcrumbs-content":"disabled","ast-featured-img":"disabled","footer-sml-layout":"disabled","theme-transparent-header-meta":"default","adv-header-id-meta":"","stick-header-meta":"","header-above-stick-meta":"","header-main-stick-meta":"","header-below-stick-meta":"","astra-migrate-meta-layouts":"default","ast-page-background-enabled":"default","ast-page-background-meta":{"desktop":{"background-color":"var(--ast-global-color-4)","background-image":"","background-repeat":"repeat","background-position":"center center","background-size":"auto","background-attachment":"scroll","background-type":"","background-media":"","overlay-type":"","overlay-color":"","overlay-opacity":"","overlay-gradient":""},"tablet":{"background-color":"","background-image":"","background-repeat":"repeat","background-position":"center center","background-size":"auto","background-attachment":"scroll","background-type":"","background-media":"","overlay-type":"","overlay-color":"","overlay-opacity":"","overlay-gradient":""},"mobile":{"background-color":"","background-image":"","background-repeat":"repeat","background-position":"center center","background-size":"auto","background-attachment":"scroll","background-type":"","background-media":"","overlay-type":"","overlay-color":"","overlay-opacity":"","overlay-gradient":""}},"ast-content-background-meta":{"desktop":{"background-color":"var(--ast-global-color-5)","background-image":"","background-repeat":"repeat","background-position":"center center","background-size":"auto","background-attachment":"scroll","background-type":"","background-media":"","overlay-type":"","overlay-color":"","overlay-opacity":"","overlay-gradient":""},"tablet":{"background-color":"var(--ast-global-color-5)","background-image":"","background-repeat":"repeat","background-position":"center center","background-size":"auto","background-attachment":"scroll","background-type":"","background-media":"","overlay-type":"","overlay-color":"","overlay-opacity":"","overlay-gradient":""},"mobile":{"background-color":"var(--ast-global-color-5)","background-image":"","background-repeat":"repeat","background-position":"center center","background-size":"auto","background-attachment":"scroll","background-type":"","background-media":"","overlay-type":"","overlay-color":"","overlay-opacity":"","overlay-gradient":""}},"footnotes":""},"class_list":["post-4210","page","type-page","status-publish","hentry"],"_links":{"self":[{"href":"https:\/\/www.hda-services.com\/pt-pt\/wp-json\/wp\/v2\/pages\/4210","targetHints":{"allow":["GET"]}}],"collection":[{"href":"https:\/\/www.hda-services.com\/pt-pt\/wp-json\/wp\/v2\/pages"}],"about":[{"href":"https:\/\/www.hda-services.com\/pt-pt\/wp-json\/wp\/v2\/types\/page"}],"author":[{"embeddable":true,"href":"https:\/\/www.hda-services.com\/pt-pt\/wp-json\/wp\/v2\/users\/1"}],"replies":[{"embeddable":true,"href":"https:\/\/www.hda-services.com\/pt-pt\/wp-json\/wp\/v2\/comments?post=4210"}],"version-history":[{"count":2,"href":"https:\/\/www.hda-services.com\/pt-pt\/wp-json\/wp\/v2\/pages\/4210\/revisions"}],"predecessor-version":[{"id":4214,"href":"https:\/\/www.hda-services.com\/pt-pt\/wp-json\/wp\/v2\/pages\/4210\/revisions\/4214"}],"wp:attachment":[{"href":"https:\/\/www.hda-services.com\/pt-pt\/wp-json\/wp\/v2\/media?parent=4210"}],"curies":[{"name":"wp","href":"https:\/\/api.w.org\/{rel}","templated":true}]}}