{"id":4200,"date":"2023-08-26T14:05:23","date_gmt":"2023-08-26T12:05:23","guid":{"rendered":"https:\/\/www.hda-services.com\/politica-de-privacidade\/"},"modified":"2026-05-08T11:24:12","modified_gmt":"2026-05-08T09:24:12","slug":"politica-de-privacidade","status":"publish","type":"page","link":"https:\/\/www.hda-services.com\/pt-pt\/politica-de-privacidade\/","title":{"rendered":"Pol\u00edtica de privacidade"},"content":{"rendered":"\t\t<div data-elementor-type=\"wp-page\" data-elementor-id=\"4200\" class=\"elementor elementor-4200 elementor-3\" data-elementor-post-type=\"page\">\n\t\t\t\t<div class=\"elementor-element elementor-element-6fdaabe e-flex e-con-boxed e-con e-parent\" data-id=\"6fdaabe\" data-element_type=\"container\" data-settings=\"{&quot;background_background&quot;:&quot;classic&quot;}\">\n\t\t\t\t\t<div class=\"e-con-inner\">\n\t\t\t\t<div class=\"elementor-element elementor-element-37d3b4d elementor-widget elementor-widget-heading\" data-id=\"37d3b4d\" data-element_type=\"widget\" data-widget_type=\"heading.default\">\n\t\t\t\t<div class=\"elementor-widget-container\">\n\t\t\t<style>\/*! elementor - v3.21.0 - 26-05-2024 *\/\n.elementor-heading-title{padding:0;margin:0;line-height:1}.elementor-widget-heading .elementor-heading-title[class*=elementor-size-]>a{color:inherit;font-size:inherit;line-height:inherit}.elementor-widget-heading .elementor-heading-title.elementor-size-small{font-size:15px}.elementor-widget-heading .elementor-heading-title.elementor-size-medium{font-size:19px}.elementor-widget-heading .elementor-heading-title.elementor-size-large{font-size:29px}.elementor-widget-heading .elementor-heading-title.elementor-size-xl{font-size:39px}.elementor-widget-heading .elementor-heading-title.elementor-size-xxl{font-size:59px}<\/style><h1 class=\"elementor-heading-title elementor-size-default\">Pol\u00edtica de privacidade<\/h1>\t\t<\/div>\n\t\t\t\t<\/div>\n\t\t\t\t<div class=\"elementor-element elementor-element-5b3d720 elementor-widget elementor-widget-heading\" data-id=\"5b3d720\" data-element_type=\"widget\" data-widget_type=\"heading.default\">\n\t\t\t\t<div class=\"elementor-widget-container\">\n\t\t\t<h2 class=\"elementor-heading-title elementor-size-default\">HDA Services - Mudan\u00e7as em Genebra, Vaud e Zurique<\/h2>\t\t<\/div>\n\t\t\t\t<\/div>\n\t\t\t\t\t<\/div>\n\t\t\t\t<\/div>\n\t\t<div class=\"elementor-element elementor-element-25f85f1 e-flex e-con-boxed e-con e-parent\" data-id=\"25f85f1\" data-element_type=\"container\">\n\t\t\t\t\t<div class=\"e-con-inner\">\n\t\t<div class=\"elementor-element elementor-element-54af290 e-flex e-con-boxed e-con e-child\" data-id=\"54af290\" data-element_type=\"container\">\n\t\t\t\t\t<div class=\"e-con-inner\">\n\t\t\t\t<div class=\"elementor-element elementor-element-abf8a7b elementor-widget elementor-widget-text-editor\" data-id=\"abf8a7b\" data-element_type=\"widget\" data-widget_type=\"text-editor.default\">\n\t\t\t\t<div class=\"elementor-widget-container\">\n\t\t\t<style>\/*! elementor - v3.21.0 - 26-05-2024 *\/\n.elementor-widget-text-editor.elementor-drop-cap-view-stacked .elementor-drop-cap{background-color:#69727d;color:#fff}.elementor-widget-text-editor.elementor-drop-cap-view-framed .elementor-drop-cap{color:#69727d;border:3px solid;background-color:transparent}.elementor-widget-text-editor:not(.elementor-drop-cap-view-default) .elementor-drop-cap{margin-top:8px}.elementor-widget-text-editor:not(.elementor-drop-cap-view-default) .elementor-drop-cap-letter{width:1em;height:1em}.elementor-widget-text-editor .elementor-drop-cap{float:left;text-align:center;line-height:1;font-size:50px}.elementor-widget-text-editor .elementor-drop-cap-letter{display:inline-block}<\/style>\t\t\t\t<p><strong>A pol\u00edtica de privacidade pode ser alterada ou complementada em qualquer altura. O objetivo \u00e9 cumprir quaisquer altera\u00e7\u00f5es legislativas, regulamentares, jurisprudenciais ou tecnol\u00f3gicas e avis\u00e1-lo a si, o utilizador.<\/strong><\/p><p>Esta p\u00e1gina de pol\u00edtica de privacidade pode ser alterada ao longo do tempo. No caso de futuras altera\u00e7\u00f5es ou informa\u00e7\u00f5es adicionais, a data da atualiza\u00e7\u00e3o ser\u00e1 claramente identificada no topo desta pol\u00edtica. Por conseguinte, os utilizadores devem consultar regularmente esta pol\u00edtica de confidencialidade e de utiliza\u00e7\u00e3o de cookies para tomar conhecimento de quaisquer altera\u00e7\u00f5es.<\/p><p><strong>Recolha de informa\u00e7\u00f5es<\/strong><\/p><p>Recolhemos informa\u00e7\u00f5es quando se regista no nosso site, quando nos escreve na p\u00e1gina de contacto. As informa\u00e7\u00f5es recolhidas incluem o seu nome e endere\u00e7o de correio eletr\u00f3nico.<\/p><p>Al\u00e9m disso, recebemos e registamos automaticamente informa\u00e7\u00f5es do seu computador e do seu browser, incluindo o seu endere\u00e7o IP, o seu software e hardware e a p\u00e1gina que solicita.<\/p><p><strong>Utiliza\u00e7\u00e3o da informa\u00e7\u00e3o<\/strong><\/p><p>Todas as informa\u00e7\u00f5es que recolhemos de si podem ser utilizadas para :<\/p><ul><li>Personalize a sua experi\u00eancia e satisfa\u00e7a as suas necessidades individuais,<\/li><li>Fornecer conte\u00fados publicit\u00e1rios personalizados,<\/li><li>Melhore o nosso s\u00edtio Web,<\/li><li>Melhorar o servi\u00e7o ao cliente e as suas necessidades de cuidados,<\/li><li>Contact\u00e1-lo por correio eletr\u00f3nico.<\/li><\/ul><p><strong>Divulga\u00e7\u00e3o a terceiros<\/strong><\/p><p>N\u00e3o vendemos, trocamos ou transferimos as suas informa\u00e7\u00f5es de identifica\u00e7\u00e3o pessoal a terceiros. Isto n\u00e3o inclui terceiros de confian\u00e7a que nos ajudam a operar o nosso s\u00edtio Web ou a conduzir o nosso neg\u00f3cio, desde que essas partes concordem em manter estas informa\u00e7\u00f5es confidenciais.<\/p><p>Acreditamos que \u00e9 necess\u00e1rio partilhar informa\u00e7\u00f5es para investigar, prevenir ou tomar medidas relativamente a actividades ilegais, suspeitas de fraude, situa\u00e7\u00f5es que envolvam potenciais amea\u00e7as \u00e0 seguran\u00e7a f\u00edsica de qualquer pessoa, viola\u00e7\u00f5es dos nossos termos de utiliza\u00e7\u00e3o ou quando tal for exigido por lei.<\/p><p>No entanto, as informa\u00e7\u00f5es n\u00e3o privadas podem ser fornecidas a outras entidades para efeitos de marketing, publicidade ou outras utiliza\u00e7\u00f5es.<\/p><p><strong>Prote\u00e7\u00e3o da informa\u00e7\u00e3o<\/strong><\/p><p>Implementamos uma variedade de medidas de seguran\u00e7a para salvaguardar a seguran\u00e7a das suas informa\u00e7\u00f5es pessoais (SSL, RGPD). Utilizamos a encripta\u00e7\u00e3o mais avan\u00e7ada para proteger as informa\u00e7\u00f5es sens\u00edveis transmitidas em linha. Tamb\u00e9m protegemos as suas informa\u00e7\u00f5es offline. Apenas os funcion\u00e1rios que necessitam de realizar um trabalho espec\u00edfico (por exemplo, fatura\u00e7\u00e3o ou servi\u00e7o de apoio ao cliente) t\u00eam acesso a informa\u00e7\u00f5es de identifica\u00e7\u00e3o pessoal. Os computadores e servidores utilizados para armazenar informa\u00e7\u00f5es de identifica\u00e7\u00e3o pessoal s\u00e3o mantidos num ambiente seguro.<\/p><p><strong>Utilizamos cookies?<\/strong><\/p><p>Sim. Os nossos cookies melhoram o acesso ao nosso s\u00edtio e identificam os visitantes recorrentes. Al\u00e9m disso, os nossos cookies melhoram a experi\u00eancia do utilizador, acompanhando e direcionando os seus interesses. No entanto, esta utiliza\u00e7\u00e3o de cookies n\u00e3o est\u00e1 de forma alguma ligada a qualquer informa\u00e7\u00e3o pessoal identific\u00e1vel no nosso s\u00edtio.<\/p><p><strong>Anular a subscri\u00e7\u00e3o<\/strong><\/p><p>Utilizamos o endere\u00e7o de correio eletr\u00f3nico que nos fornece para lhe enviar informa\u00e7\u00f5es atrav\u00e9s de mensagens de correio eletr\u00f3nico, por exemplo. Se, em qualquer altura, pretender anular a subscri\u00e7\u00e3o e deixar de receber as nossas mensagens de correio eletr\u00f3nico, est\u00e3o inclu\u00eddas instru\u00e7\u00f5es pormenorizadas para anular a subscri\u00e7\u00e3o na parte inferior de cada mensagem de correio eletr\u00f3nico.<\/p><p><strong>Consentimento<\/strong><\/p><p>Ao utilizar o nosso s\u00edtio, concorda com a nossa pol\u00edtica de privacidade.<\/p>\t\t\t\t\t\t<\/div>\n\t\t\t\t<\/div>\n\t\t\t\t\t<\/div>\n\t\t\t\t<\/div>\n\t\t\t\t\t<\/div>\n\t\t\t\t<\/div>\n\t\t\t\t<\/div>\n\t\t","protected":false},"excerpt":{"rendered":"<p>Pol\u00edtica de privacidade HDA Services &#8211; Mudan\u00e7as em Genebra, Vaud e Zurique A pol\u00edtica de privacidade pode ser alterada ou complementada em qualquer altura. O objetivo \u00e9 cumprir quaisquer altera\u00e7\u00f5es legislativas, regulamentares, jurisprudenciais ou tecnol\u00f3gicas e avis\u00e1-lo a si, o utilizador. Esta p\u00e1gina de pol\u00edtica de privacidade pode ser alterada ao longo do tempo. No [&hellip;]<\/p>\n","protected":false},"author":1,"featured_media":0,"parent":0,"menu_order":0,"comment_status":"closed","ping_status":"open","template":"","meta":{"site-sidebar-layout":"default","site-content-layout":"page-builder","ast-site-content-layout":"default","site-content-style":"default","site-sidebar-style":"default","ast-global-header-display":"","ast-banner-title-visibility":"disabled","ast-main-header-display":"","ast-hfb-above-header-display":"","ast-hfb-below-header-display":"","ast-hfb-mobile-header-display":"","site-post-title":"disabled","ast-breadcrumbs-content":"disabled","ast-featured-img":"disabled","footer-sml-layout":"disabled","theme-transparent-header-meta":"default","adv-header-id-meta":"","stick-header-meta":"","header-above-stick-meta":"","header-main-stick-meta":"","header-below-stick-meta":"","astra-migrate-meta-layouts":"default","ast-page-background-enabled":"default","ast-page-background-meta":{"desktop":{"background-color":"var(--ast-global-color-4)","background-image":"","background-repeat":"repeat","background-position":"center center","background-size":"auto","background-attachment":"scroll","background-type":"","background-media":"","overlay-type":"","overlay-color":"","overlay-opacity":"","overlay-gradient":""},"tablet":{"background-color":"","background-image":"","background-repeat":"repeat","background-position":"center center","background-size":"auto","background-attachment":"scroll","background-type":"","background-media":"","overlay-type":"","overlay-color":"","overlay-opacity":"","overlay-gradient":""},"mobile":{"background-color":"","background-image":"","background-repeat":"repeat","background-position":"center center","background-size":"auto","background-attachment":"scroll","background-type":"","background-media":"","overlay-type":"","overlay-color":"","overlay-opacity":"","overlay-gradient":""}},"ast-content-background-meta":{"desktop":{"background-color":"var(--ast-global-color-5)","background-image":"","background-repeat":"repeat","background-position":"center center","background-size":"auto","background-attachment":"scroll","background-type":"","background-media":"","overlay-type":"","overlay-color":"","overlay-opacity":"","overlay-gradient":""},"tablet":{"background-color":"var(--ast-global-color-5)","background-image":"","background-repeat":"repeat","background-position":"center center","background-size":"auto","background-attachment":"scroll","background-type":"","background-media":"","overlay-type":"","overlay-color":"","overlay-opacity":"","overlay-gradient":""},"mobile":{"background-color":"var(--ast-global-color-5)","background-image":"","background-repeat":"repeat","background-position":"center center","background-size":"auto","background-attachment":"scroll","background-type":"","background-media":"","overlay-type":"","overlay-color":"","overlay-opacity":"","overlay-gradient":""}},"footnotes":""},"class_list":["post-4200","page","type-page","status-publish","hentry"],"_links":{"self":[{"href":"https:\/\/www.hda-services.com\/pt-pt\/wp-json\/wp\/v2\/pages\/4200","targetHints":{"allow":["GET"]}}],"collection":[{"href":"https:\/\/www.hda-services.com\/pt-pt\/wp-json\/wp\/v2\/pages"}],"about":[{"href":"https:\/\/www.hda-services.com\/pt-pt\/wp-json\/wp\/v2\/types\/page"}],"author":[{"embeddable":true,"href":"https:\/\/www.hda-services.com\/pt-pt\/wp-json\/wp\/v2\/users\/1"}],"replies":[{"embeddable":true,"href":"https:\/\/www.hda-services.com\/pt-pt\/wp-json\/wp\/v2\/comments?post=4200"}],"version-history":[{"count":2,"href":"https:\/\/www.hda-services.com\/pt-pt\/wp-json\/wp\/v2\/pages\/4200\/revisions"}],"predecessor-version":[{"id":4207,"href":"https:\/\/www.hda-services.com\/pt-pt\/wp-json\/wp\/v2\/pages\/4200\/revisions\/4207"}],"wp:attachment":[{"href":"https:\/\/www.hda-services.com\/pt-pt\/wp-json\/wp\/v2\/media?parent=4200"}],"curies":[{"name":"wp","href":"https:\/\/api.w.org\/{rel}","templated":true}]}}