{"id":53,"date":"2023-08-26T15:00:27","date_gmt":"2023-08-26T13:00:27","guid":{"rendered":"https:\/\/wpgo.webbih.com\/?page_id=53"},"modified":"2024-01-22T17:32:43","modified_gmt":"2024-01-22T16:32:43","slug":"mentions-legales","status":"publish","type":"page","link":"https:\/\/www.hda-services.com\/fr\/mentions-legales\/","title":{"rendered":"Mentions l\u00e9gales"},"content":{"rendered":"\t\t<div data-elementor-type=\"wp-page\" data-elementor-id=\"53\" class=\"elementor elementor-53\" data-elementor-post-type=\"page\">\n\t\t\t\t<div class=\"elementor-element elementor-element-466d276 e-flex e-con-boxed e-con e-parent\" data-id=\"466d276\" data-element_type=\"container\" data-settings=\"{&quot;background_background&quot;:&quot;classic&quot;}\">\n\t\t\t\t\t<div class=\"e-con-inner\">\n\t\t\t\t<div class=\"elementor-element elementor-element-21a6d10 elementor-widget elementor-widget-heading\" data-id=\"21a6d10\" data-element_type=\"widget\" data-widget_type=\"heading.default\">\n\t\t\t\t<div class=\"elementor-widget-container\">\n\t\t\t<style>\/*! elementor - v3.21.0 - 26-05-2024 *\/\n.elementor-heading-title{padding:0;margin:0;line-height:1}.elementor-widget-heading .elementor-heading-title[class*=elementor-size-]>a{color:inherit;font-size:inherit;line-height:inherit}.elementor-widget-heading .elementor-heading-title.elementor-size-small{font-size:15px}.elementor-widget-heading .elementor-heading-title.elementor-size-medium{font-size:19px}.elementor-widget-heading .elementor-heading-title.elementor-size-large{font-size:29px}.elementor-widget-heading .elementor-heading-title.elementor-size-xl{font-size:39px}.elementor-widget-heading .elementor-heading-title.elementor-size-xxl{font-size:59px}<\/style><h1 class=\"elementor-heading-title elementor-size-default\">Mentions l\u00e9gales<\/h1>\t\t<\/div>\n\t\t\t\t<\/div>\n\t\t\t\t<div class=\"elementor-element elementor-element-aa0d9c9 elementor-widget elementor-widget-heading\" data-id=\"aa0d9c9\" data-element_type=\"widget\" data-widget_type=\"heading.default\">\n\t\t\t\t<div class=\"elementor-widget-container\">\n\t\t\t<h2 class=\"elementor-heading-title elementor-size-default\">HDA Services - D\u00e9m\u00e9nagement \u00e0 Gen\u00e8ve, Vaud et Zurich<\/h2>\t\t<\/div>\n\t\t\t\t<\/div>\n\t\t\t\t\t<\/div>\n\t\t\t\t<\/div>\n\t\t<div class=\"elementor-element elementor-element-7ed9726 e-flex e-con-boxed e-con e-parent\" data-id=\"7ed9726\" data-element_type=\"container\">\n\t\t\t\t\t<div class=\"e-con-inner\">\n\t\t<div class=\"elementor-element elementor-element-d2b2bbe e-flex e-con-boxed e-con e-child\" data-id=\"d2b2bbe\" data-element_type=\"container\">\n\t\t\t\t\t<div class=\"e-con-inner\">\n\t\t\t\t<div class=\"elementor-element elementor-element-41cef62 elementor-widget elementor-widget-text-editor\" data-id=\"41cef62\" data-element_type=\"widget\" data-widget_type=\"text-editor.default\">\n\t\t\t\t<div class=\"elementor-widget-container\">\n\t\t\t<style>\/*! elementor - v3.21.0 - 26-05-2024 *\/\n.elementor-widget-text-editor.elementor-drop-cap-view-stacked .elementor-drop-cap{background-color:#69727d;color:#fff}.elementor-widget-text-editor.elementor-drop-cap-view-framed .elementor-drop-cap{color:#69727d;border:3px solid;background-color:transparent}.elementor-widget-text-editor:not(.elementor-drop-cap-view-default) .elementor-drop-cap{margin-top:8px}.elementor-widget-text-editor:not(.elementor-drop-cap-view-default) .elementor-drop-cap-letter{width:1em;height:1em}.elementor-widget-text-editor .elementor-drop-cap{float:left;text-align:center;line-height:1;font-size:50px}.elementor-widget-text-editor .elementor-drop-cap-letter{display:inline-block}<\/style>\t\t\t\t<p><strong>Editeur et propri\u00e9taire<\/strong><\/p><p>HDA Services<br \/>Route des Jeunes 4ter<br \/>CH-1227 Les Acacias, Gen\u00e8ve<br \/><a href=\"tel:+41227931362\">+41227931362<\/a><br \/><a href=\"mailto:info@hda-services.com\">info@hda-services.com<\/a><\/p><p><strong>Directeur de la publication<\/strong><\/p><p>HDA Services<\/p><p><strong>H\u00e9bergeur<\/strong><\/p><p>Ce site est h\u00e9berg\u00e9 par <a href=\"https:\/\/www.infomaniak.com\" target=\"_blank\" rel=\"noopener\">infomaniak.com<\/a><br \/><a href=\"https:\/\/www.webbih.com\" target=\"_blank\" rel=\"noopener\">Cr\u00e9ation de sites par l&rsquo;agence web offshore webbih.com<\/a><\/p><p><strong>Propri\u00e9t\u00e9 intellectuelle<\/strong><\/p><p>Conform\u00e9ment aux dispositions de l&rsquo;article L 112-3 du Code de la Propri\u00e9t\u00e9 Intellectuelle, l&rsquo;ensemble des \u00e9l\u00e9ments composant le site ne peuvent faire l&rsquo;objet d&rsquo;une quelconque reproduction int\u00e9grale ou partielle sur quelque support que ce soit, sans l&rsquo;autorisation expresse de l&rsquo;exploitant du site Internet ou de son ayant-droit et ce, sous peine de poursuites judiciaires.<\/p><p><strong>Protection des donn\u00e9es personnelles<\/strong><\/p><p>Nous vous informons que les donn\u00e9es requises \u00e0 l&rsquo;occasion d&rsquo;une demande d&rsquo;information sont n\u00e9cessaires \u00e0 la gestion de votre demande. Conform\u00e9ment aux articles 39 et suivants de la loi \u00ab Informatique et Libert\u00e9s \u00bb N\u00b0 78-17 du 6 janvier 1978, vous disposez d&rsquo;un droit d&rsquo;acc\u00e8s, de modification, de rectification et de suppression des donn\u00e9es qui vous concernent. Pour l&rsquo;exercer, veuillez nous contacter exclusivement par e-mail \u00e0 l&rsquo;adresse de contact indiqu\u00e9e ci-dessus.<\/p>\t\t\t\t\t\t<\/div>\n\t\t\t\t<\/div>\n\t\t\t\t\t<\/div>\n\t\t\t\t<\/div>\n\t\t\t\t\t<\/div>\n\t\t\t\t<\/div>\n\t\t\t\t<\/div>\n\t\t","protected":false},"excerpt":{"rendered":"<p>Mentions l\u00e9gales HDA Services &#8211; D\u00e9m\u00e9nagement \u00e0 Gen\u00e8ve, Vaud et Zurich Editeur et propri\u00e9taire HDA ServicesRoute des Jeunes 4terCH-1227 Les Acacias, Gen\u00e8ve+41227931362info@hda-services.com Directeur de la publication HDA Services H\u00e9bergeur Ce site est h\u00e9berg\u00e9 par infomaniak.comCr\u00e9ation de sites par l&rsquo;agence web offshore webbih.com Propri\u00e9t\u00e9 intellectuelle Conform\u00e9ment aux dispositions de l&rsquo;article L 112-3 du Code de la [&hellip;]<\/p>\n","protected":false},"author":1,"featured_media":0,"parent":0,"menu_order":0,"comment_status":"closed","ping_status":"open","template":"","meta":{"site-sidebar-layout":"default","site-content-layout":"page-builder","ast-site-content-layout":"default","site-content-style":"default","site-sidebar-style":"default","ast-global-header-display":"","ast-banner-title-visibility":"disabled","ast-main-header-display":"","ast-hfb-above-header-display":"","ast-hfb-below-header-display":"","ast-hfb-mobile-header-display":"","site-post-title":"disabled","ast-breadcrumbs-content":"disabled","ast-featured-img":"disabled","footer-sml-layout":"disabled","theme-transparent-header-meta":"default","adv-header-id-meta":"","stick-header-meta":"","header-above-stick-meta":"","header-main-stick-meta":"","header-below-stick-meta":"","astra-migrate-meta-layouts":"set","ast-page-background-enabled":"default","ast-page-background-meta":{"desktop":{"background-color":"var(--ast-global-color-4)","background-image":"","background-repeat":"repeat","background-position":"center center","background-size":"auto","background-attachment":"scroll","background-type":"","background-media":"","overlay-type":"","overlay-color":"","overlay-opacity":"","overlay-gradient":""},"tablet":{"background-color":"","background-image":"","background-repeat":"repeat","background-position":"center center","background-size":"auto","background-attachment":"scroll","background-type":"","background-media":"","overlay-type":"","overlay-color":"","overlay-opacity":"","overlay-gradient":""},"mobile":{"background-color":"","background-image":"","background-repeat":"repeat","background-position":"center center","background-size":"auto","background-attachment":"scroll","background-type":"","background-media":"","overlay-type":"","overlay-color":"","overlay-opacity":"","overlay-gradient":""}},"ast-content-background-meta":{"desktop":{"background-color":"var(--ast-global-color-5)","background-image":"","background-repeat":"repeat","background-position":"center center","background-size":"auto","background-attachment":"scroll","background-type":"","background-media":"","overlay-type":"","overlay-color":"","overlay-opacity":"","overlay-gradient":""},"tablet":{"background-color":"var(--ast-global-color-5)","background-image":"","background-repeat":"repeat","background-position":"center center","background-size":"auto","background-attachment":"scroll","background-type":"","background-media":"","overlay-type":"","overlay-color":"","overlay-opacity":"","overlay-gradient":""},"mobile":{"background-color":"var(--ast-global-color-5)","background-image":"","background-repeat":"repeat","background-position":"center center","background-size":"auto","background-attachment":"scroll","background-type":"","background-media":"","overlay-type":"","overlay-color":"","overlay-opacity":"","overlay-gradient":""}},"footnotes":""},"class_list":["post-53","page","type-page","status-publish","hentry"],"_links":{"self":[{"href":"https:\/\/www.hda-services.com\/fr\/wp-json\/wp\/v2\/pages\/53","targetHints":{"allow":["GET"]}}],"collection":[{"href":"https:\/\/www.hda-services.com\/fr\/wp-json\/wp\/v2\/pages"}],"about":[{"href":"https:\/\/www.hda-services.com\/fr\/wp-json\/wp\/v2\/types\/page"}],"author":[{"embeddable":true,"href":"https:\/\/www.hda-services.com\/fr\/wp-json\/wp\/v2\/users\/1"}],"replies":[{"embeddable":true,"href":"https:\/\/www.hda-services.com\/fr\/wp-json\/wp\/v2\/comments?post=53"}],"version-history":[{"count":6,"href":"https:\/\/www.hda-services.com\/fr\/wp-json\/wp\/v2\/pages\/53\/revisions"}],"predecessor-version":[{"id":2812,"href":"https:\/\/www.hda-services.com\/fr\/wp-json\/wp\/v2\/pages\/53\/revisions\/2812"}],"wp:attachment":[{"href":"https:\/\/www.hda-services.com\/fr\/wp-json\/wp\/v2\/media?parent=53"}],"curies":[{"name":"wp","href":"https:\/\/api.w.org\/{rel}","templated":true}]}}