{"id":2278,"date":"2023-12-05T04:30:28","date_gmt":"2023-12-05T03:30:28","guid":{"rendered":"https:\/\/www.hda-services.com\/?page_id=2278"},"modified":"2023-12-05T16:08:41","modified_gmt":"2023-12-05T15:08:41","slug":"debarras","status":"publish","type":"page","link":"https:\/\/www.hda-services.com\/fr\/debarras\/","title":{"rendered":"D\u00e9barras"},"content":{"rendered":"\t\t<div data-elementor-type=\"wp-page\" data-elementor-id=\"2278\" class=\"elementor elementor-2278\" data-elementor-post-type=\"page\">\n\t\t\t\t<div class=\"elementor-element elementor-element-466d276 e-flex e-con-boxed e-con e-parent\" data-id=\"466d276\" data-element_type=\"container\" data-settings=\"{&quot;background_background&quot;:&quot;classic&quot;}\">\n\t\t\t\t\t<div class=\"e-con-inner\">\n\t\t\t\t<div class=\"elementor-element elementor-element-21a6d10 elementor-widget elementor-widget-heading\" data-id=\"21a6d10\" data-element_type=\"widget\" data-widget_type=\"heading.default\">\n\t\t\t\t<div class=\"elementor-widget-container\">\n\t\t\t<style>\/*! elementor - v3.21.0 - 26-05-2024 *\/\n.elementor-heading-title{padding:0;margin:0;line-height:1}.elementor-widget-heading .elementor-heading-title[class*=elementor-size-]>a{color:inherit;font-size:inherit;line-height:inherit}.elementor-widget-heading .elementor-heading-title.elementor-size-small{font-size:15px}.elementor-widget-heading .elementor-heading-title.elementor-size-medium{font-size:19px}.elementor-widget-heading .elementor-heading-title.elementor-size-large{font-size:29px}.elementor-widget-heading .elementor-heading-title.elementor-size-xl{font-size:39px}.elementor-widget-heading .elementor-heading-title.elementor-size-xxl{font-size:59px}<\/style><h1 class=\"elementor-heading-title elementor-size-default\">D\u00e9barras<\/h1>\t\t<\/div>\n\t\t\t\t<\/div>\n\t\t\t\t<div class=\"elementor-element elementor-element-aa0d9c9 elementor-widget elementor-widget-heading\" data-id=\"aa0d9c9\" data-element_type=\"widget\" data-widget_type=\"heading.default\">\n\t\t\t\t<div class=\"elementor-widget-container\">\n\t\t\t<h2 class=\"elementor-heading-title elementor-size-default\">HDA Services - D\u00e9m\u00e9nagement \u00e0 Gen\u00e8ve, Vaud et Zurich<\/h2>\t\t<\/div>\n\t\t\t\t<\/div>\n\t\t\t\t\t<\/div>\n\t\t\t\t<\/div>\n\t\t<div class=\"elementor-element elementor-element-4d906da e-flex e-con-boxed e-con e-parent\" data-id=\"4d906da\" data-element_type=\"container\">\n\t\t\t\t\t<div class=\"e-con-inner\">\n\t\t<div class=\"elementor-element elementor-element-84048f4 e-flex e-con-boxed e-con e-child\" data-id=\"84048f4\" data-element_type=\"container\">\n\t\t\t\t\t<div class=\"e-con-inner\">\n\t\t\t\t<div class=\"elementor-element elementor-element-87a8309 elementor-widget elementor-widget-heading\" data-id=\"87a8309\" data-element_type=\"widget\" data-widget_type=\"heading.default\">\n\t\t\t\t<div class=\"elementor-widget-container\">\n\t\t\t<h2 class=\"elementor-heading-title elementor-size-default\">Service de d\u00e9barras \u00e0 Gen\u00e8ve et Lausanne : Tri \u00e9cologique et redistribution bienveillante<\/h2>\t\t<\/div>\n\t\t\t\t<\/div>\n\t\t\t\t\t<\/div>\n\t\t\t\t<\/div>\n\t\t<div class=\"elementor-element elementor-element-21a8d24 e-con-full e-flex e-con e-child\" data-id=\"21a8d24\" data-element_type=\"container\">\n\t\t\t\t<div class=\"elementor-element elementor-element-1f4d457 elementor-widget elementor-widget-heading\" data-id=\"1f4d457\" data-element_type=\"widget\" data-widget_type=\"heading.default\">\n\t\t\t\t<div class=\"elementor-widget-container\">\n\t\t\t<p class=\"elementor-heading-title elementor-size-default\">Optez pour notre service de d\u00e9barras \u00e0 Gen\u00e8ve et Lausanne, d\u00e9di\u00e9 aussi bien aux particuliers qu'aux professionnels. Nous allions efficacit\u00e9 et responsabilit\u00e9 environnementale en triant minutieusement les d\u00e9chets pour un recyclage optimal. Ce qui m\u00e9rite une seconde vie est soigneusement donn\u00e9 \u00e0 des associations, participant ainsi \u00e0 une redistribution bienveillante.<\/p>\t\t<\/div>\n\t\t\t\t<\/div>\n\t\t\t\t<div class=\"elementor-element elementor-element-598868c elementor-widget elementor-widget-heading\" data-id=\"598868c\" data-element_type=\"widget\" data-widget_type=\"heading.default\">\n\t\t\t\t<div class=\"elementor-widget-container\">\n\t\t\t<p class=\"elementor-heading-title elementor-size-default\">Notre \u00e9quipe d\u00e9vou\u00e9e assure un d\u00e9barras complet, du tri initial \u00e0 l'\u00e9vacuation responsable des objets et d\u00e9chets. Que ce soit pour lib\u00e9rer de l'espace chez vous ou dans vos locaux professionnels, notre service de d\u00e9barras s'adapte \u00e0 vos besoins sp\u00e9cifiques.<\/p>\t\t<\/div>\n\t\t\t\t<\/div>\n\t\t\t\t<div class=\"elementor-element elementor-element-ad1365d elementor-widget elementor-widget-heading\" data-id=\"ad1365d\" data-element_type=\"widget\" data-widget_type=\"heading.default\">\n\t\t\t\t<div class=\"elementor-widget-container\">\n\t\t\t<p class=\"elementor-heading-title elementor-size-default\">Contribuez \u00e0 une d\u00e9marche \u00e9co-responsable tout en simplifiant votre vie gr\u00e2ce \u00e0 notre service de d\u00e9barras \u00e0 la fois \u00e9cologique et socialement engag\u00e9. Contactez-nous d\u00e8s aujourd'hui pour une intervention rapide et soign\u00e9e, car chez nous, la propret\u00e9 de votre espace va de pair avec le respect de l'environnement.<\/p>\t\t<\/div>\n\t\t\t\t<\/div>\n\t\t\t\t<\/div>\n\t\t<div class=\"elementor-element elementor-element-69ac2c2 e-con-full e-flex e-con e-child\" data-id=\"69ac2c2\" data-element_type=\"container\">\n\t\t\t\t<div class=\"elementor-element elementor-element-794f5e9 animated-slow elementor-invisible elementor-widget elementor-widget-image\" data-id=\"794f5e9\" data-element_type=\"widget\" data-settings=\"{&quot;_animation&quot;:&quot;fadeIn&quot;}\" data-widget_type=\"image.default\">\n\t\t\t\t<div class=\"elementor-widget-container\">\n\t\t\t<style>\/*! elementor - v3.21.0 - 26-05-2024 *\/\n.elementor-widget-image{text-align:center}.elementor-widget-image a{display:inline-block}.elementor-widget-image a img[src$=\".svg\"]{width:48px}.elementor-widget-image img{vertical-align:middle;display:inline-block}<\/style>\t\t\t\t\t\t\t\t\t\t<img fetchpriority=\"high\" decoding=\"async\" width=\"1000\" height=\"667\" src=\"https:\/\/www.hda-services.com\/wp-content\/uploads\/2023\/12\/hda-services-entreprise-demenagement-expert-demenageur-geneve-lausanne-vaud-zurich-suisse-international-service-devis-gratuit-068.jpg\" class=\"attachment-full size-full wp-image-2542\" alt=\"d\u00e9m\u00e9nagement gen\u00e8ve vaud zurich lausanne suisse local international expert sp\u00e9cialiste partenaire devis gratuit hda services moving geneva switzerland specialist partner free quote umzug genf waadt schweiz lokaler internationaler experte fachpartner kostenloses angebot\" srcset=\"https:\/\/www.hda-services.com\/wp-content\/uploads\/2023\/12\/hda-services-entreprise-demenagement-expert-demenageur-geneve-lausanne-vaud-zurich-suisse-international-service-devis-gratuit-068.jpg 1000w, https:\/\/www.hda-services.com\/wp-content\/uploads\/2023\/12\/hda-services-entreprise-demenagement-expert-demenageur-geneve-lausanne-vaud-zurich-suisse-international-service-devis-gratuit-068-300x200.jpg 300w, https:\/\/www.hda-services.com\/wp-content\/uploads\/2023\/12\/hda-services-entreprise-demenagement-expert-demenageur-geneve-lausanne-vaud-zurich-suisse-international-service-devis-gratuit-068-768x512.jpg 768w\" sizes=\"(max-width: 1000px) 100vw, 1000px\" \/>\t\t\t\t\t\t\t\t\t\t\t\t\t<\/div>\n\t\t\t\t<\/div>\n\t\t\t\t<\/div>\n\t\t<div class=\"elementor-element elementor-element-daf0e99 e-con-full e-flex e-con e-child\" data-id=\"daf0e99\" data-element_type=\"container\">\n\t\t\t\t<div class=\"elementor-element elementor-element-0eeb0d5 elementor-widget elementor-widget-heading\" data-id=\"0eeb0d5\" data-element_type=\"widget\" data-widget_type=\"heading.default\">\n\t\t\t\t<div class=\"elementor-widget-container\">\n\t\t\t<h2 class=\"elementor-heading-title elementor-size-default\">Services complets apr\u00e8s d\u00e9barras : Nettoyage approfondi et bricolage sur mesure avec HDA<\/h2>\t\t<\/div>\n\t\t\t\t<\/div>\n\t\t\t\t<div class=\"elementor-element elementor-element-83f654b elementor-widget elementor-widget-heading\" data-id=\"83f654b\" data-element_type=\"widget\" data-widget_type=\"heading.default\">\n\t\t\t\t<div class=\"elementor-widget-container\">\n\t\t\t<h2 class=\"elementor-heading-title elementor-size-default\">N'h\u00e9sitez pas \u00e0 solliciter notre service de d\u00e9barras dans diff\u00e9rentes circonstances :<\/h2>\t\t<\/div>\n\t\t\t\t<\/div>\n\t\t\t\t<div class=\"elementor-element elementor-element-1f77115 elementor-icon-list--layout-traditional elementor-list-item-link-full_width elementor-widget elementor-widget-icon-list\" data-id=\"1f77115\" data-element_type=\"widget\" data-widget_type=\"icon-list.default\">\n\t\t\t\t<div class=\"elementor-widget-container\">\n\t\t\t<link rel=\"stylesheet\" href=\"https:\/\/www.hda-services.com\/wp-content\/uploads\/elementor\/css\/custom-widget-icon-list.min.css?ver=1778232440\">\t\t<ul class=\"elementor-icon-list-items\">\n\t\t\t\t\t\t\t<li class=\"elementor-icon-list-item\">\n\t\t\t\t\t\t\t\t\t\t\t<span class=\"elementor-icon-list-icon\">\n\t\t\t\t\t\t\t<i aria-hidden=\"true\" class=\"fas fa-chevron-right\"><\/i>\t\t\t\t\t\t<\/span>\n\t\t\t\t\t\t\t\t\t\t<span class=\"elementor-icon-list-text\">Pour les professionnels, nous intervenons pour d\u00e9sencombrer les PME, bureaux, usines, locaux industriels et commerciaux, entrep\u00f4ts, restaurants, ateliers, etc<\/span>\n\t\t\t\t\t\t\t\t\t<\/li>\n\t\t\t\t\t\t\t\t<li class=\"elementor-icon-list-item\">\n\t\t\t\t\t\t\t\t\t\t\t<span class=\"elementor-icon-list-icon\">\n\t\t\t\t\t\t\t<i aria-hidden=\"true\" class=\"fas fa-chevron-right\"><\/i>\t\t\t\t\t\t<\/span>\n\t\t\t\t\t\t\t\t\t\t<span class=\"elementor-icon-list-text\">Pour les particuliers, nous sommes l\u00e0 pour d\u00e9barrasser votre appartement, maison, villa, pavillon, garage, box, cave, grenier, etc<\/span>\n\t\t\t\t\t\t\t\t\t<\/li>\n\t\t\t\t\t\t<\/ul>\n\t\t\t\t<\/div>\n\t\t\t\t<\/div>\n\t\t\t\t<div class=\"elementor-element elementor-element-2fa8ed7 elementor-widget elementor-widget-heading\" data-id=\"2fa8ed7\" data-element_type=\"widget\" data-widget_type=\"heading.default\">\n\t\t\t\t<div class=\"elementor-widget-container\">\n\t\t\t<h2 class=\"elementor-heading-title elementor-size-default\">Une fois le local enti\u00e8rement d\u00e9barrass\u00e9, nous sommes disponibles pour un nettoyage approfondi.<\/h2>\t\t<\/div>\n\t\t\t\t<\/div>\n\t\t\t\t<div class=\"elementor-element elementor-element-2c99d6c elementor-widget elementor-widget-heading\" data-id=\"2c99d6c\" data-element_type=\"widget\" data-widget_type=\"heading.default\">\n\t\t\t\t<div class=\"elementor-widget-container\">\n\t\t\t<p class=\"elementor-heading-title elementor-size-default\">Nous offrons \u00e9galement un service complet de bricolage pour toutes sortes de petits travaux.<\/p>\t\t<\/div>\n\t\t\t\t<\/div>\n\t\t\t\t<div class=\"elementor-element elementor-element-5ad54d3 elementor-widget elementor-widget-heading\" data-id=\"5ad54d3\" data-element_type=\"widget\" data-widget_type=\"heading.default\">\n\t\t\t\t<div class=\"elementor-widget-container\">\n\t\t\t<h2 class=\"elementor-heading-title elementor-size-default\">Chez HDA Services, notre engagement est de simplifier votre vie, et nous sommes \u00e0 votre service pour y parvenir<\/h2>\t\t<\/div>\n\t\t\t\t<\/div>\n\t\t\t\t<\/div>\n\t\t\t\t\t<\/div>\n\t\t\t\t<\/div>\n\t\t<div class=\"elementor-element elementor-element-d9cf09a e-con-full e-flex e-con e-parent\" data-id=\"d9cf09a\" data-element_type=\"container\">\n\t\t\t\t<div class=\"elementor-element elementor-element-b731ef5 elementor-widget elementor-widget-template\" data-id=\"b731ef5\" data-element_type=\"widget\" data-widget_type=\"template.default\">\n\t\t\t\t<div class=\"elementor-widget-container\">\n\t\t\t\t\t<div class=\"elementor-template\">\n\t\t\t\t\t<div data-elementor-type=\"section\" data-elementor-id=\"2185\" class=\"elementor elementor-2185\" data-elementor-post-type=\"elementor_library\">\n\t\t\t<div class=\"elementor-element elementor-element-1595a07 e-con-full e-flex e-con e-parent\" data-id=\"1595a07\" data-element_type=\"container\" data-settings=\"{&quot;background_background&quot;:&quot;classic&quot;}\">\n\t\t<div class=\"elementor-element elementor-element-1846616 e-flex e-con-boxed e-con e-child\" data-id=\"1846616\" data-element_type=\"container\">\n\t\t\t\t\t<div class=\"e-con-inner\">\n\t\t<div class=\"elementor-element elementor-element-daa3587 e-flex e-con-boxed e-con e-child\" data-id=\"daa3587\" data-element_type=\"container\">\n\t\t\t\t\t<div class=\"e-con-inner\">\n\t\t\t\t<div class=\"elementor-element elementor-element-ed3e803 elementor-widget elementor-widget-heading\" data-id=\"ed3e803\" data-element_type=\"widget\" data-widget_type=\"heading.default\">\n\t\t\t\t<div class=\"elementor-widget-container\">\n\t\t\t<h2 class=\"elementor-heading-title elementor-size-default\">Vous avez une demande ? Un projet ?<\/h2>\t\t<\/div>\n\t\t\t\t<\/div>\n\t\t\t\t<div class=\"elementor-element elementor-element-d5b76bb elementor-align-left elementor-widget elementor-widget-button\" data-id=\"d5b76bb\" data-element_type=\"widget\" data-widget_type=\"button.default\">\n\t\t\t\t<div class=\"elementor-widget-container\">\n\t\t\t\t\t<div class=\"elementor-button-wrapper\">\n\t\t\t<a class=\"elementor-button elementor-button-link elementor-size-sm\" href=\"https:\/\/www.hda-services.com\/calculateur\/\">\n\t\t\t\t\t\t<span class=\"elementor-button-content-wrapper\">\n\t\t\t\t\t\t\t\t\t<span class=\"elementor-button-text\">Calculateur m3 en ligne<\/span>\n\t\t\t\t\t<\/span>\n\t\t\t\t\t<\/a>\n\t\t<\/div>\n\t\t\t\t<\/div>\n\t\t\t\t<\/div>\n\t\t\t\t<div class=\"elementor-element elementor-element-832f653 elementor-align-left elementor-widget elementor-widget-button\" data-id=\"832f653\" data-element_type=\"widget\" data-widget_type=\"button.default\">\n\t\t\t\t<div class=\"elementor-widget-container\">\n\t\t\t\t\t<div class=\"elementor-button-wrapper\">\n\t\t\t<a class=\"elementor-button elementor-button-link elementor-size-sm\" href=\"https:\/\/www.hda-services.com\/devis-gratuit\/\">\n\t\t\t\t\t\t<span class=\"elementor-button-content-wrapper\">\n\t\t\t\t\t\t\t\t\t<span class=\"elementor-button-text\">Demande de devis gratuit<\/span>\n\t\t\t\t\t<\/span>\n\t\t\t\t\t<\/a>\n\t\t<\/div>\n\t\t\t\t<\/div>\n\t\t\t\t<\/div>\n\t\t\t\t<div class=\"elementor-element elementor-element-af256e6 elementor-align-left elementor-widget elementor-widget-button\" data-id=\"af256e6\" data-element_type=\"widget\" data-widget_type=\"button.default\">\n\t\t\t\t<div class=\"elementor-widget-container\">\n\t\t\t\t\t<div class=\"elementor-button-wrapper\">\n\t\t\t<a class=\"elementor-button elementor-button-link elementor-size-sm\" href=\"https:\/\/www.hda-services.com\/devis-gratuit\/\">\n\t\t\t\t\t\t<span class=\"elementor-button-content-wrapper\">\n\t\t\t\t\t\t\t\t\t<span class=\"elementor-button-text\">Contactez-nous<\/span>\n\t\t\t\t\t<\/span>\n\t\t\t\t\t<\/a>\n\t\t<\/div>\n\t\t\t\t<\/div>\n\t\t\t\t<\/div>\n\t\t\t\t\t<\/div>\n\t\t\t\t<\/div>\n\t\t\t\t\t<\/div>\n\t\t\t\t<\/div>\n\t\t\t\t<\/div>\n\t\t<div class=\"elementor-element elementor-element-d819d78 e-flex e-con-boxed e-con e-parent\" data-id=\"d819d78\" data-element_type=\"container\">\n\t\t\t\t\t<div class=\"e-con-inner\">\n\t\t<div class=\"elementor-element elementor-element-2fc0448 e-con-full e-flex e-con e-child\" data-id=\"2fc0448\" data-element_type=\"container\">\n\t\t\t\t<div class=\"elementor-element elementor-element-a4c004a elementor-widget elementor-widget-heading\" data-id=\"a4c004a\" data-element_type=\"widget\" data-widget_type=\"heading.default\">\n\t\t\t\t<div class=\"elementor-widget-container\">\n\t\t\t<h2 class=\"elementor-heading-title elementor-size-default\">HDA Services : Votre partenaire de confiance pour un d\u00e9m\u00e9nagement sans stress \u00e0 Gen\u00e8ve, Vaud, Zurich et \u00e0 l'international<\/h2>\t\t<\/div>\n\t\t\t\t<\/div>\n\t\t\t\t<\/div>\n\t\t<div class=\"elementor-element elementor-element-ab39304 e-con-full e-flex e-con e-child\" data-id=\"ab39304\" data-element_type=\"container\">\n\t\t\t\t<div class=\"elementor-element elementor-element-53f140b animated-slow elementor-invisible elementor-widget elementor-widget-image\" data-id=\"53f140b\" data-element_type=\"widget\" data-settings=\"{&quot;_animation&quot;:&quot;fadeInUp&quot;}\" data-widget_type=\"image.default\">\n\t\t\t\t<div class=\"elementor-widget-container\">\n\t\t\t\t\t\t\t\t\t\t\t\t\t<img decoding=\"async\" width=\"260\" height=\"180\" src=\"https:\/\/www.hda-services.com\/wp-content\/uploads\/2023\/12\/hda-services-entreprise-demenagement-expert-demenageur-geneve-lausanne-vaud-zurich-suisse-international-service-devis-gratuit-026.png\" class=\"attachment-full size-full wp-image-2681\" alt=\"d\u00e9m\u00e9nagement gen\u00e8ve vaud zurich lausanne suisse local international expert sp\u00e9cialiste partenaire devis gratuit hda services moving geneva switzerland specialist partner free quote umzug genf waadt schweiz lokaler internationaler experte fachpartner kostenloses angebot\" \/>\t\t\t\t\t\t\t\t\t\t\t\t\t<\/div>\n\t\t\t\t<\/div>\n\t\t\t\t<div class=\"elementor-element elementor-element-86e080f elementor-widget elementor-widget-heading\" data-id=\"86e080f\" data-element_type=\"widget\" data-widget_type=\"heading.default\">\n\t\t\t\t<div class=\"elementor-widget-container\">\n\t\t\t<p class=\"elementor-heading-title elementor-size-default\">Gestion efficace \u00e0 tous niveaux<\/p>\t\t<\/div>\n\t\t\t\t<\/div>\n\t\t\t\t<div class=\"elementor-element elementor-element-f7b07e4 elementor-widget elementor-widget-heading\" data-id=\"f7b07e4\" data-element_type=\"widget\" data-widget_type=\"heading.default\">\n\t\t\t\t<div class=\"elementor-widget-container\">\n\t\t\t<h2 class=\"elementor-heading-title elementor-size-default\">Notre \u00e9quipe assure une gestion efficace \u00e0 tous niveaux, de l'emballage \u00e0 la logistique, garantissant un d\u00e9m\u00e9nagement fluide et r\u00e9ussi.<\/h2>\t\t<\/div>\n\t\t\t\t<\/div>\n\t\t\t\t<\/div>\n\t\t<div class=\"elementor-element elementor-element-7eae5a1 e-con-full e-flex e-con e-child\" data-id=\"7eae5a1\" data-element_type=\"container\">\n\t\t\t\t<div class=\"elementor-element elementor-element-44d8919 animated-slow elementor-invisible elementor-widget elementor-widget-image\" data-id=\"44d8919\" data-element_type=\"widget\" data-settings=\"{&quot;_animation&quot;:&quot;fadeInUp&quot;}\" data-widget_type=\"image.default\">\n\t\t\t\t<div class=\"elementor-widget-container\">\n\t\t\t\t\t\t\t\t\t\t\t\t\t<img decoding=\"async\" width=\"260\" height=\"180\" src=\"https:\/\/www.hda-services.com\/wp-content\/uploads\/2023\/12\/hda-services-entreprise-demenagement-expert-demenageur-geneve-lausanne-vaud-zurich-suisse-international-service-devis-gratuit-027.png\" class=\"attachment-full size-full wp-image-2684\" alt=\"d\u00e9m\u00e9nagement gen\u00e8ve vaud zurich lausanne suisse local international expert sp\u00e9cialiste partenaire devis gratuit hda services moving geneva switzerland specialist partner free quote umzug genf waadt schweiz lokaler internationaler experte fachpartner kostenloses angebot\" \/>\t\t\t\t\t\t\t\t\t\t\t\t\t<\/div>\n\t\t\t\t<\/div>\n\t\t\t\t<div class=\"elementor-element elementor-element-0009c27 elementor-widget elementor-widget-heading\" data-id=\"0009c27\" data-element_type=\"widget\" data-widget_type=\"heading.default\">\n\t\t\t\t<div class=\"elementor-widget-container\">\n\t\t\t<p class=\"elementor-heading-title elementor-size-default\">Expertise mondiale<\/p>\t\t<\/div>\n\t\t\t\t<\/div>\n\t\t\t\t<div class=\"elementor-element elementor-element-9ce88db elementor-widget elementor-widget-heading\" data-id=\"9ce88db\" data-element_type=\"widget\" data-widget_type=\"heading.default\">\n\t\t\t\t<div class=\"elementor-widget-container\">\n\t\t\t<h2 class=\"elementor-heading-title elementor-size-default\">Fort d'une expertise mondiale, HDA Services assure des d\u00e9m\u00e9nagements sans faille \u00e0 l'international, avec une gestion compl\u00e8te et efficace.<\/h2>\t\t<\/div>\n\t\t\t\t<\/div>\n\t\t\t\t<\/div>\n\t\t<div class=\"elementor-element elementor-element-9e2e5c0 e-con-full e-flex e-con e-child\" data-id=\"9e2e5c0\" data-element_type=\"container\">\n\t\t\t\t<div class=\"elementor-element elementor-element-4b44469 animated-slow elementor-invisible elementor-widget elementor-widget-image\" data-id=\"4b44469\" data-element_type=\"widget\" data-settings=\"{&quot;_animation&quot;:&quot;fadeInUp&quot;}\" data-widget_type=\"image.default\">\n\t\t\t\t<div class=\"elementor-widget-container\">\n\t\t\t\t\t\t\t\t\t\t\t\t\t<img loading=\"lazy\" decoding=\"async\" width=\"260\" height=\"180\" src=\"https:\/\/www.hda-services.com\/wp-content\/uploads\/2023\/12\/hda-services-entreprise-demenagement-expert-demenageur-geneve-lausanne-vaud-zurich-suisse-international-service-devis-gratuit-028.png\" class=\"attachment-full size-full wp-image-2687\" alt=\"d\u00e9m\u00e9nagement gen\u00e8ve vaud zurich lausanne suisse local international expert sp\u00e9cialiste partenaire devis gratuit hda services moving geneva switzerland specialist partner free quote umzug genf waadt schweiz lokaler internationaler experte fachpartner kostenloses angebot\" \/>\t\t\t\t\t\t\t\t\t\t\t\t\t<\/div>\n\t\t\t\t<\/div>\n\t\t\t\t<div class=\"elementor-element elementor-element-70e1bf4 elementor-widget elementor-widget-heading\" data-id=\"70e1bf4\" data-element_type=\"widget\" data-widget_type=\"heading.default\">\n\t\t\t\t<div class=\"elementor-widget-container\">\n\t\t\t<p class=\"elementor-heading-title elementor-size-default\">Personnalisation compl\u00e8te<\/p>\t\t<\/div>\n\t\t\t\t<\/div>\n\t\t\t\t<div class=\"elementor-element elementor-element-93554f5 elementor-widget elementor-widget-heading\" data-id=\"93554f5\" data-element_type=\"widget\" data-widget_type=\"heading.default\">\n\t\t\t\t<div class=\"elementor-widget-container\">\n\t\t\t<h2 class=\"elementor-heading-title elementor-size-default\">HDA Services offre une personnalisation compl\u00e8te, adaptant chaque d\u00e9m\u00e9nagement \u00e0 vos besoins sp\u00e9cifiques pour une exp\u00e9rience sur mesure et sans souci.<\/h2>\t\t<\/div>\n\t\t\t\t<\/div>\n\t\t\t\t<\/div>\n\t\t\t\t\t<\/div>\n\t\t\t\t<\/div>\n\t\t\t\t<\/div>\n\t\t\t\t<\/div>\n\t\t\t\t<\/div>\n\t\t\t\t<\/div>\n\t\t\t\t<\/div>\n\t\t\t\t<\/div>\n\t\t","protected":false},"excerpt":{"rendered":"<p>D\u00e9barras HDA Services &#8211; D\u00e9m\u00e9nagement \u00e0 Gen\u00e8ve, Vaud et Zurich Service de d\u00e9barras \u00e0 Gen\u00e8ve et Lausanne : Tri \u00e9cologique et redistribution bienveillante Optez pour notre service de d\u00e9barras \u00e0 Gen\u00e8ve et Lausanne, d\u00e9di\u00e9 aussi bien aux particuliers qu&rsquo;aux professionnels. Nous allions efficacit\u00e9 et responsabilit\u00e9 environnementale en triant minutieusement les d\u00e9chets pour un recyclage optimal. [&hellip;]<\/p>\n","protected":false},"author":1,"featured_media":0,"parent":0,"menu_order":0,"comment_status":"closed","ping_status":"closed","template":"","meta":{"site-sidebar-layout":"default","site-content-layout":"page-builder","ast-site-content-layout":"default","site-content-style":"default","site-sidebar-style":"default","ast-global-header-display":"","ast-banner-title-visibility":"disabled","ast-main-header-display":"","ast-hfb-above-header-display":"","ast-hfb-below-header-display":"","ast-hfb-mobile-header-display":"","site-post-title":"disabled","ast-breadcrumbs-content":"disabled","ast-featured-img":"disabled","footer-sml-layout":"disabled","theme-transparent-header-meta":"default","adv-header-id-meta":"","stick-header-meta":"","header-above-stick-meta":"","header-main-stick-meta":"","header-below-stick-meta":"","astra-migrate-meta-layouts":"set","ast-page-background-enabled":"default","ast-page-background-meta":{"desktop":{"background-color":"var(--ast-global-color-4)","background-image":"","background-repeat":"repeat","background-position":"center center","background-size":"auto","background-attachment":"scroll","background-type":"","background-media":"","overlay-type":"","overlay-color":"","overlay-opacity":"","overlay-gradient":""},"tablet":{"background-color":"","background-image":"","background-repeat":"repeat","background-position":"center center","background-size":"auto","background-attachment":"scroll","background-type":"","background-media":"","overlay-type":"","overlay-color":"","overlay-opacity":"","overlay-gradient":""},"mobile":{"background-color":"","background-image":"","background-repeat":"repeat","background-position":"center center","background-size":"auto","background-attachment":"scroll","background-type":"","background-media":"","overlay-type":"","overlay-color":"","overlay-opacity":"","overlay-gradient":""}},"ast-content-background-meta":{"desktop":{"background-color":"var(--ast-global-color-5)","background-image":"","background-repeat":"repeat","background-position":"center center","background-size":"auto","background-attachment":"scroll","background-type":"","background-media":"","overlay-type":"","overlay-color":"","overlay-opacity":"","overlay-gradient":""},"tablet":{"background-color":"var(--ast-global-color-5)","background-image":"","background-repeat":"repeat","background-position":"center center","background-size":"auto","background-attachment":"scroll","background-type":"","background-media":"","overlay-type":"","overlay-color":"","overlay-opacity":"","overlay-gradient":""},"mobile":{"background-color":"var(--ast-global-color-5)","background-image":"","background-repeat":"repeat","background-position":"center center","background-size":"auto","background-attachment":"scroll","background-type":"","background-media":"","overlay-type":"","overlay-color":"","overlay-opacity":"","overlay-gradient":""}},"footnotes":""},"class_list":["post-2278","page","type-page","status-publish","hentry"],"_links":{"self":[{"href":"https:\/\/www.hda-services.com\/fr\/wp-json\/wp\/v2\/pages\/2278","targetHints":{"allow":["GET"]}}],"collection":[{"href":"https:\/\/www.hda-services.com\/fr\/wp-json\/wp\/v2\/pages"}],"about":[{"href":"https:\/\/www.hda-services.com\/fr\/wp-json\/wp\/v2\/types\/page"}],"author":[{"embeddable":true,"href":"https:\/\/www.hda-services.com\/fr\/wp-json\/wp\/v2\/users\/1"}],"replies":[{"embeddable":true,"href":"https:\/\/www.hda-services.com\/fr\/wp-json\/wp\/v2\/comments?post=2278"}],"version-history":[{"count":0,"href":"https:\/\/www.hda-services.com\/fr\/wp-json\/wp\/v2\/pages\/2278\/revisions"}],"wp:attachment":[{"href":"https:\/\/www.hda-services.com\/fr\/wp-json\/wp\/v2\/media?parent=2278"}],"curies":[{"name":"wp","href":"https:\/\/api.w.org\/{rel}","templated":true}]}}