{"id":2969,"date":"2023-12-05T05:03:50","date_gmt":"2023-12-05T04:03:50","guid":{"rendered":"https:\/\/www.hda-services.com\/formalites-douanieres-pour-un-demenagement-en-suisse-ou-a-letranger\/"},"modified":"2024-02-18T20:12:32","modified_gmt":"2024-02-18T19:12:32","slug":"customs-formalities-moving-switzerland-abroad","status":"publish","type":"page","link":"https:\/\/www.hda-services.com\/en\/customs-formalities-moving-switzerland-abroad\/","title":{"rendered":"Customs formalities for moving to Switzerland or abroad"},"content":{"rendered":"\t\t<div data-elementor-type=\"wp-page\" data-elementor-id=\"2969\" class=\"elementor elementor-2969 elementor-2324\" data-elementor-post-type=\"page\">\n\t\t\t\t<div class=\"elementor-element elementor-element-466d276 e-flex e-con-boxed e-con e-parent\" data-id=\"466d276\" data-element_type=\"container\" data-settings=\"{&quot;background_background&quot;:&quot;classic&quot;}\">\n\t\t\t\t\t<div class=\"e-con-inner\">\n\t\t\t\t<div class=\"elementor-element elementor-element-21a6d10 elementor-widget elementor-widget-heading\" data-id=\"21a6d10\" data-element_type=\"widget\" data-widget_type=\"heading.default\">\n\t\t\t\t<div class=\"elementor-widget-container\">\n\t\t\t<style>\/*! elementor - v3.21.0 - 26-05-2024 *\/\n.elementor-heading-title{padding:0;margin:0;line-height:1}.elementor-widget-heading .elementor-heading-title[class*=elementor-size-]>a{color:inherit;font-size:inherit;line-height:inherit}.elementor-widget-heading .elementor-heading-title.elementor-size-small{font-size:15px}.elementor-widget-heading .elementor-heading-title.elementor-size-medium{font-size:19px}.elementor-widget-heading .elementor-heading-title.elementor-size-large{font-size:29px}.elementor-widget-heading .elementor-heading-title.elementor-size-xl{font-size:39px}.elementor-widget-heading .elementor-heading-title.elementor-size-xxl{font-size:59px}<\/style><h1 class=\"elementor-heading-title elementor-size-default\">Customs formalities for moving to Switzerland or abroad<\/h1>\t\t<\/div>\n\t\t\t\t<\/div>\n\t\t\t\t<div class=\"elementor-element elementor-element-aa0d9c9 elementor-widget elementor-widget-heading\" data-id=\"aa0d9c9\" data-element_type=\"widget\" data-widget_type=\"heading.default\">\n\t\t\t\t<div class=\"elementor-widget-container\">\n\t\t\t<h2 class=\"elementor-heading-title elementor-size-default\">HDA Services - Moving to Geneva, Vaud and Zurich<\/h2>\t\t<\/div>\n\t\t\t\t<\/div>\n\t\t\t\t\t<\/div>\n\t\t\t\t<\/div>\n\t\t<div class=\"elementor-element elementor-element-4d906da e-flex e-con-boxed e-con e-parent\" data-id=\"4d906da\" data-element_type=\"container\">\n\t\t\t\t\t<div class=\"e-con-inner\">\n\t\t<div class=\"elementor-element elementor-element-84048f4 e-flex e-con-boxed e-con e-child\" data-id=\"84048f4\" data-element_type=\"container\">\n\t\t\t\t\t<div class=\"e-con-inner\">\n\t\t\t\t<div class=\"elementor-element elementor-element-87a8309 elementor-widget elementor-widget-heading\" data-id=\"87a8309\" data-element_type=\"widget\" data-widget_type=\"heading.default\">\n\t\t\t\t<div class=\"elementor-widget-container\">\n\t\t\t<h2 class=\"elementor-heading-title elementor-size-default\">Make your move easier with HDA Services : Expertise in customs formalities for international moves<\/h2>\t\t<\/div>\n\t\t\t\t<\/div>\n\t\t\t\t\t<\/div>\n\t\t\t\t<\/div>\n\t\t<div class=\"elementor-element elementor-element-21a8d24 e-con-full e-flex e-con e-child\" data-id=\"21a8d24\" data-element_type=\"container\">\n\t\t\t\t<div class=\"elementor-element elementor-element-1f4d457 elementor-widget elementor-widget-heading\" data-id=\"1f4d457\" data-element_type=\"widget\" data-widget_type=\"heading.default\">\n\t\t\t\t<div class=\"elementor-widget-container\">\n\t\t\t<p class=\"elementor-heading-title elementor-size-default\">Moving from or to Switzerland requires complex management of customs formalities, but with HDA, an international moving professional and member of IAM, the process becomes easy and hassle-free.<\/p>\t\t<\/div>\n\t\t\t\t<\/div>\n\t\t\t\t<div class=\"elementor-element elementor-element-598868c elementor-widget elementor-widget-heading\" data-id=\"598868c\" data-element_type=\"widget\" data-widget_type=\"heading.default\">\n\t\t\t\t<div class=\"elementor-widget-container\">\n\t\t\t<p class=\"elementor-heading-title elementor-size-default\">Thanks to our specific authorizations such as DA (Approved Consignee) and EA (Approved Shipper), we are authorized to carry out all customs procedures for moves from Switzerland to abroad or vice versa. This includes completing import, export and transit formalities, as well as establishing documents necessary for customs clearance.<\/p>\t\t<\/div>\n\t\t\t\t<\/div>\n\t\t\t\t<div class=\"elementor-element elementor-element-ad1365d elementor-widget elementor-widget-heading\" data-id=\"ad1365d\" data-element_type=\"widget\" data-widget_type=\"heading.default\">\n\t\t\t\t<div class=\"elementor-widget-container\">\n\t\t\t<p class=\"elementor-heading-title elementor-size-default\">Our authorizations also allow us to store unpaid goods on our premises for an unlimited period, to issue various authorizations, and to provide specialist advice on customs legislation relating to removals, inheritances, works of art, exhibitions, etc.<\/p>\t\t<\/div>\n\t\t\t\t<\/div>\n\t\t\t\t<\/div>\n\t\t<div class=\"elementor-element elementor-element-69ac2c2 e-con-full e-flex e-con e-child\" data-id=\"69ac2c2\" data-element_type=\"container\">\n\t\t\t\t<div class=\"elementor-element elementor-element-794f5e9 animated-slow elementor-invisible elementor-widget elementor-widget-image\" data-id=\"794f5e9\" data-element_type=\"widget\" data-settings=\"{&quot;_animation&quot;:&quot;fadeIn&quot;}\" data-widget_type=\"image.default\">\n\t\t\t\t<div class=\"elementor-widget-container\">\n\t\t\t<style>\/*! elementor - v3.21.0 - 26-05-2024 *\/\n.elementor-widget-image{text-align:center}.elementor-widget-image a{display:inline-block}.elementor-widget-image a img[src$=\".svg\"]{width:48px}.elementor-widget-image img{vertical-align:middle;display:inline-block}<\/style>\t\t\t\t\t\t\t\t\t\t<img fetchpriority=\"high\" decoding=\"async\" width=\"1000\" height=\"667\" src=\"https:\/\/www.hda-services.com\/wp-content\/uploads\/2023\/12\/hda-services-entreprise-demenagement-expert-demenageur-geneve-lausanne-vaud-zurich-suisse-international-service-devis-gratuit-074.jpg\" class=\"attachment-full size-full wp-image-2578\" alt=\"d\u00e9m\u00e9nagement gen\u00e8ve vaud zurich lausanne suisse local international expert sp\u00e9cialiste partenaire devis gratuit hda services moving geneva switzerland specialist partner free quote umzug genf waadt schweiz lokaler internationaler experte fachpartner kostenloses angebot\" srcset=\"https:\/\/www.hda-services.com\/wp-content\/uploads\/2023\/12\/hda-services-entreprise-demenagement-expert-demenageur-geneve-lausanne-vaud-zurich-suisse-international-service-devis-gratuit-074.jpg 1000w, https:\/\/www.hda-services.com\/wp-content\/uploads\/2023\/12\/hda-services-entreprise-demenagement-expert-demenageur-geneve-lausanne-vaud-zurich-suisse-international-service-devis-gratuit-074-300x200.jpg 300w, https:\/\/www.hda-services.com\/wp-content\/uploads\/2023\/12\/hda-services-entreprise-demenagement-expert-demenageur-geneve-lausanne-vaud-zurich-suisse-international-service-devis-gratuit-074-768x512.jpg 768w\" sizes=\"(max-width: 1000px) 100vw, 1000px\" \/>\t\t\t\t\t\t\t\t\t\t\t\t\t<\/div>\n\t\t\t\t<\/div>\n\t\t\t\t<\/div>\n\t\t<div class=\"elementor-element elementor-element-daf0e99 e-con-full e-flex e-con e-child\" data-id=\"daf0e99\" data-element_type=\"container\">\n\t\t\t\t<div class=\"elementor-element elementor-element-0eeb0d5 elementor-widget elementor-widget-heading\" data-id=\"0eeb0d5\" data-element_type=\"widget\" data-widget_type=\"heading.default\">\n\t\t\t\t<div class=\"elementor-widget-container\">\n\t\t\t<h2 class=\"elementor-heading-title elementor-size-default\">HDA Services takes care of all the administrative formalities for your move abroad, guaranteeing you a smooth and stress-free transition<\/h2>\t\t<\/div>\n\t\t\t\t<\/div>\n\t\t\t\t<div class=\"elementor-element elementor-element-83f654b elementor-widget elementor-widget-heading\" data-id=\"83f654b\" data-element_type=\"widget\" data-widget_type=\"heading.default\">\n\t\t\t\t<div class=\"elementor-widget-container\">\n\t\t\t<h2 class=\"elementor-heading-title elementor-size-default\">In addition to managing customs procedures, we also ensure the logistics of your international move from door to door thanks to our global partners and our advanced technical resources.<\/h2>\t\t<\/div>\n\t\t\t\t<\/div>\n\t\t\t\t<div class=\"elementor-element elementor-element-2fa8ed7 elementor-widget elementor-widget-heading\" data-id=\"2fa8ed7\" data-element_type=\"widget\" data-widget_type=\"heading.default\">\n\t\t\t\t<div class=\"elementor-widget-container\">\n\t\t\t<h2 class=\"elementor-heading-title elementor-size-default\">Trust HDA to advise you on the best alternatives adapted to your situation and destination, while offering you the best quote for a move with complete peace of mind<\/h2>\t\t<\/div>\n\t\t\t\t<\/div>\n\t\t\t\t<\/div>\n\t\t\t\t\t<\/div>\n\t\t\t\t<\/div>\n\t\t<div class=\"elementor-element elementor-element-d9cf09a e-con-full e-flex e-con e-parent\" data-id=\"d9cf09a\" data-element_type=\"container\">\n\t\t\t\t<div class=\"elementor-element elementor-element-b731ef5 elementor-widget elementor-widget-template\" data-id=\"b731ef5\" data-element_type=\"widget\" data-widget_type=\"template.default\">\n\t\t\t\t<div class=\"elementor-widget-container\">\n\t\t\t\t\t<div class=\"elementor-template\">\n\t\t\t\t\t<div data-elementor-type=\"section\" data-elementor-id=\"3040\" class=\"elementor elementor-3040 elementor-2185\" data-elementor-post-type=\"elementor_library\">\n\t\t\t<div class=\"elementor-element elementor-element-1595a07 e-con-full e-flex e-con e-parent\" data-id=\"1595a07\" data-element_type=\"container\" data-settings=\"{&quot;background_background&quot;:&quot;classic&quot;}\">\n\t\t<div class=\"elementor-element elementor-element-1846616 e-flex e-con-boxed e-con e-child\" data-id=\"1846616\" data-element_type=\"container\">\n\t\t\t\t\t<div class=\"e-con-inner\">\n\t\t<div class=\"elementor-element elementor-element-daa3587 e-flex e-con-boxed e-con e-child\" data-id=\"daa3587\" data-element_type=\"container\">\n\t\t\t\t\t<div class=\"e-con-inner\">\n\t\t\t\t<div class=\"elementor-element elementor-element-ed3e803 elementor-widget elementor-widget-heading\" data-id=\"ed3e803\" data-element_type=\"widget\" data-widget_type=\"heading.default\">\n\t\t\t\t<div class=\"elementor-widget-container\">\n\t\t\t<h2 class=\"elementor-heading-title elementor-size-default\">Do you have a request ? A project ?<\/h2>\t\t<\/div>\n\t\t\t\t<\/div>\n\t\t\t\t<div class=\"elementor-element elementor-element-d5b76bb elementor-align-left elementor-widget elementor-widget-button\" data-id=\"d5b76bb\" data-element_type=\"widget\" data-widget_type=\"button.default\">\n\t\t\t\t<div class=\"elementor-widget-container\">\n\t\t\t\t\t<div class=\"elementor-button-wrapper\">\n\t\t\t<a class=\"elementor-button elementor-button-link elementor-size-sm\" href=\"https:\/\/www.hda-services.com\/en\/calculator\/\">\n\t\t\t\t\t\t<span class=\"elementor-button-content-wrapper\">\n\t\t\t\t\t\t\t\t\t<span class=\"elementor-button-text\">Online calculator m3<\/span>\n\t\t\t\t\t<\/span>\n\t\t\t\t\t<\/a>\n\t\t<\/div>\n\t\t\t\t<\/div>\n\t\t\t\t<\/div>\n\t\t\t\t<div class=\"elementor-element elementor-element-832f653 elementor-align-left elementor-widget elementor-widget-button\" data-id=\"832f653\" data-element_type=\"widget\" data-widget_type=\"button.default\">\n\t\t\t\t<div class=\"elementor-widget-container\">\n\t\t\t\t\t<div class=\"elementor-button-wrapper\">\n\t\t\t<a class=\"elementor-button elementor-button-link elementor-size-sm\" href=\"https:\/\/www.hda-services.com\/en\/free-quote\/\">\n\t\t\t\t\t\t<span class=\"elementor-button-content-wrapper\">\n\t\t\t\t\t\t\t\t\t<span class=\"elementor-button-text\">Request a free quote<\/span>\n\t\t\t\t\t<\/span>\n\t\t\t\t\t<\/a>\n\t\t<\/div>\n\t\t\t\t<\/div>\n\t\t\t\t<\/div>\n\t\t\t\t<div class=\"elementor-element elementor-element-af256e6 elementor-align-left elementor-widget elementor-widget-button\" data-id=\"af256e6\" data-element_type=\"widget\" data-widget_type=\"button.default\">\n\t\t\t\t<div class=\"elementor-widget-container\">\n\t\t\t\t\t<div class=\"elementor-button-wrapper\">\n\t\t\t<a class=\"elementor-button elementor-button-link elementor-size-sm\" href=\"https:\/\/www.hda-services.com\/en\/contact\/\">\n\t\t\t\t\t\t<span class=\"elementor-button-content-wrapper\">\n\t\t\t\t\t\t\t\t\t<span class=\"elementor-button-text\">Contact us<\/span>\n\t\t\t\t\t<\/span>\n\t\t\t\t\t<\/a>\n\t\t<\/div>\n\t\t\t\t<\/div>\n\t\t\t\t<\/div>\n\t\t\t\t\t<\/div>\n\t\t\t\t<\/div>\n\t\t\t\t\t<\/div>\n\t\t\t\t<\/div>\n\t\t\t\t<\/div>\n\t\t<div class=\"elementor-element elementor-element-d819d78 e-flex e-con-boxed e-con e-parent\" data-id=\"d819d78\" data-element_type=\"container\">\n\t\t\t\t\t<div class=\"e-con-inner\">\n\t\t<div class=\"elementor-element elementor-element-2fc0448 e-con-full e-flex e-con e-child\" data-id=\"2fc0448\" data-element_type=\"container\">\n\t\t\t\t<div class=\"elementor-element elementor-element-a4c004a elementor-widget elementor-widget-heading\" data-id=\"a4c004a\" data-element_type=\"widget\" data-widget_type=\"heading.default\">\n\t\t\t\t<div class=\"elementor-widget-container\">\n\t\t\t<h2 class=\"elementor-heading-title elementor-size-default\">HDA Services : Your trusted partner for a stress-free move in Geneva, Vaud, Zurich and internationally<\/h2>\t\t<\/div>\n\t\t\t\t<\/div>\n\t\t\t\t<\/div>\n\t\t<div class=\"elementor-element elementor-element-ab39304 e-con-full e-flex e-con e-child\" data-id=\"ab39304\" data-element_type=\"container\">\n\t\t\t\t<div class=\"elementor-element elementor-element-53f140b animated-slow elementor-invisible elementor-widget elementor-widget-image\" data-id=\"53f140b\" data-element_type=\"widget\" data-settings=\"{&quot;_animation&quot;:&quot;fadeInUp&quot;}\" data-widget_type=\"image.default\">\n\t\t\t\t<div class=\"elementor-widget-container\">\n\t\t\t\t\t\t\t\t\t\t\t\t\t<img decoding=\"async\" width=\"260\" height=\"180\" src=\"https:\/\/www.hda-services.com\/wp-content\/uploads\/2023\/12\/hda-services-entreprise-demenagement-expert-demenageur-geneve-lausanne-vaud-zurich-suisse-international-service-devis-gratuit-026.png\" class=\"attachment-full size-full wp-image-2681\" alt=\"d\u00e9m\u00e9nagement gen\u00e8ve vaud zurich lausanne suisse local international expert sp\u00e9cialiste partenaire devis gratuit hda services moving geneva switzerland specialist partner free quote umzug genf waadt schweiz lokaler internationaler experte fachpartner kostenloses angebot\" \/>\t\t\t\t\t\t\t\t\t\t\t\t\t<\/div>\n\t\t\t\t<\/div>\n\t\t\t\t<div class=\"elementor-element elementor-element-86e080f elementor-widget elementor-widget-heading\" data-id=\"86e080f\" data-element_type=\"widget\" data-widget_type=\"heading.default\">\n\t\t\t\t<div class=\"elementor-widget-container\">\n\t\t\t<p class=\"elementor-heading-title elementor-size-default\">Effective management at all levels<\/p>\t\t<\/div>\n\t\t\t\t<\/div>\n\t\t\t\t<div class=\"elementor-element elementor-element-f7b07e4 elementor-widget elementor-widget-heading\" data-id=\"f7b07e4\" data-element_type=\"widget\" data-widget_type=\"heading.default\">\n\t\t\t\t<div class=\"elementor-widget-container\">\n\t\t\t<h2 class=\"elementor-heading-title elementor-size-default\">Our team provides efficient management at all levels, from packing to logistics, ensuring a smooth and successful move.<\/h2>\t\t<\/div>\n\t\t\t\t<\/div>\n\t\t\t\t<\/div>\n\t\t<div class=\"elementor-element elementor-element-7eae5a1 e-con-full e-flex e-con e-child\" data-id=\"7eae5a1\" data-element_type=\"container\">\n\t\t\t\t<div class=\"elementor-element elementor-element-44d8919 animated-slow elementor-invisible elementor-widget elementor-widget-image\" data-id=\"44d8919\" data-element_type=\"widget\" data-settings=\"{&quot;_animation&quot;:&quot;fadeInUp&quot;}\" data-widget_type=\"image.default\">\n\t\t\t\t<div class=\"elementor-widget-container\">\n\t\t\t\t\t\t\t\t\t\t\t\t\t<img decoding=\"async\" width=\"260\" height=\"180\" src=\"https:\/\/www.hda-services.com\/wp-content\/uploads\/2023\/12\/hda-services-entreprise-demenagement-expert-demenageur-geneve-lausanne-vaud-zurich-suisse-international-service-devis-gratuit-027.png\" class=\"attachment-full size-full wp-image-2684\" alt=\"d\u00e9m\u00e9nagement gen\u00e8ve vaud zurich lausanne suisse local international expert sp\u00e9cialiste partenaire devis gratuit hda services moving geneva switzerland specialist partner free quote umzug genf waadt schweiz lokaler internationaler experte fachpartner kostenloses angebot\" \/>\t\t\t\t\t\t\t\t\t\t\t\t\t<\/div>\n\t\t\t\t<\/div>\n\t\t\t\t<div class=\"elementor-element elementor-element-0009c27 elementor-widget elementor-widget-heading\" data-id=\"0009c27\" data-element_type=\"widget\" data-widget_type=\"heading.default\">\n\t\t\t\t<div class=\"elementor-widget-container\">\n\t\t\t<p class=\"elementor-heading-title elementor-size-default\">Global expertise<\/p>\t\t<\/div>\n\t\t\t\t<\/div>\n\t\t\t\t<div class=\"elementor-element elementor-element-9ce88db elementor-widget elementor-widget-heading\" data-id=\"9ce88db\" data-element_type=\"widget\" data-widget_type=\"heading.default\">\n\t\t\t\t<div class=\"elementor-widget-container\">\n\t\t\t<h2 class=\"elementor-heading-title elementor-size-default\">With global expertise, HDA Services ensures seamless international moves, with complete and efficient management.<\/h2>\t\t<\/div>\n\t\t\t\t<\/div>\n\t\t\t\t<\/div>\n\t\t<div class=\"elementor-element elementor-element-9e2e5c0 e-con-full e-flex e-con e-child\" data-id=\"9e2e5c0\" data-element_type=\"container\">\n\t\t\t\t<div class=\"elementor-element elementor-element-4b44469 animated-slow elementor-invisible elementor-widget elementor-widget-image\" data-id=\"4b44469\" data-element_type=\"widget\" data-settings=\"{&quot;_animation&quot;:&quot;fadeInUp&quot;}\" data-widget_type=\"image.default\">\n\t\t\t\t<div class=\"elementor-widget-container\">\n\t\t\t\t\t\t\t\t\t\t\t\t\t<img loading=\"lazy\" decoding=\"async\" width=\"260\" height=\"180\" src=\"https:\/\/www.hda-services.com\/wp-content\/uploads\/2023\/12\/hda-services-entreprise-demenagement-expert-demenageur-geneve-lausanne-vaud-zurich-suisse-international-service-devis-gratuit-028.png\" class=\"attachment-full size-full wp-image-2687\" alt=\"d\u00e9m\u00e9nagement gen\u00e8ve vaud zurich lausanne suisse local international expert sp\u00e9cialiste partenaire devis gratuit hda services moving geneva switzerland specialist partner free quote umzug genf waadt schweiz lokaler internationaler experte fachpartner kostenloses angebot\" \/>\t\t\t\t\t\t\t\t\t\t\t\t\t<\/div>\n\t\t\t\t<\/div>\n\t\t\t\t<div class=\"elementor-element elementor-element-70e1bf4 elementor-widget elementor-widget-heading\" data-id=\"70e1bf4\" data-element_type=\"widget\" data-widget_type=\"heading.default\">\n\t\t\t\t<div class=\"elementor-widget-container\">\n\t\t\t<p class=\"elementor-heading-title elementor-size-default\">Full customization<\/p>\t\t<\/div>\n\t\t\t\t<\/div>\n\t\t\t\t<div class=\"elementor-element elementor-element-93554f5 elementor-widget elementor-widget-heading\" data-id=\"93554f5\" data-element_type=\"widget\" data-widget_type=\"heading.default\">\n\t\t\t\t<div class=\"elementor-widget-container\">\n\t\t\t<h2 class=\"elementor-heading-title elementor-size-default\">HDA Services offers complete customization, tailoring each move to your specific needs for a tailored, worry-free experience.<\/h2>\t\t<\/div>\n\t\t\t\t<\/div>\n\t\t\t\t<\/div>\n\t\t\t\t\t<\/div>\n\t\t\t\t<\/div>\n\t\t\t\t<\/div>\n\t\t\t\t<\/div>\n\t\t\t\t<\/div>\n\t\t\t\t<\/div>\n\t\t\t\t<\/div>\n\t\t\t\t<\/div>\n\t\t","protected":false},"excerpt":{"rendered":"<p>Customs formalities for moving to Switzerland or abroad HDA Services &#8211; Moving to Geneva, Vaud and Zurich Make your move easier with HDA Services : Expertise in customs formalities for international moves Moving from or to Switzerland requires complex management of customs formalities, but with HDA, an international moving professional and member of IAM, the [&hellip;]<\/p>\n","protected":false},"author":1,"featured_media":0,"parent":0,"menu_order":0,"comment_status":"closed","ping_status":"closed","template":"","meta":{"site-sidebar-layout":"default","site-content-layout":"page-builder","ast-site-content-layout":"default","site-content-style":"default","site-sidebar-style":"default","ast-global-header-display":"","ast-banner-title-visibility":"disabled","ast-main-header-display":"","ast-hfb-above-header-display":"","ast-hfb-below-header-display":"","ast-hfb-mobile-header-display":"","site-post-title":"disabled","ast-breadcrumbs-content":"disabled","ast-featured-img":"disabled","footer-sml-layout":"disabled","theme-transparent-header-meta":"default","adv-header-id-meta":"","stick-header-meta":"","header-above-stick-meta":"","header-main-stick-meta":"","header-below-stick-meta":"","astra-migrate-meta-layouts":"set","ast-page-background-enabled":"default","ast-page-background-meta":{"desktop":{"background-color":"var(--ast-global-color-4)","background-image":"","background-repeat":"repeat","background-position":"center center","background-size":"auto","background-attachment":"scroll","background-type":"","background-media":"","overlay-type":"","overlay-color":"","overlay-opacity":"","overlay-gradient":""},"tablet":{"background-color":"","background-image":"","background-repeat":"repeat","background-position":"center center","background-size":"auto","background-attachment":"scroll","background-type":"","background-media":"","overlay-type":"","overlay-color":"","overlay-opacity":"","overlay-gradient":""},"mobile":{"background-color":"","background-image":"","background-repeat":"repeat","background-position":"center center","background-size":"auto","background-attachment":"scroll","background-type":"","background-media":"","overlay-type":"","overlay-color":"","overlay-opacity":"","overlay-gradient":""}},"ast-content-background-meta":{"desktop":{"background-color":"var(--ast-global-color-5)","background-image":"","background-repeat":"repeat","background-position":"center center","background-size":"auto","background-attachment":"scroll","background-type":"","background-media":"","overlay-type":"","overlay-color":"","overlay-opacity":"","overlay-gradient":""},"tablet":{"background-color":"var(--ast-global-color-5)","background-image":"","background-repeat":"repeat","background-position":"center center","background-size":"auto","background-attachment":"scroll","background-type":"","background-media":"","overlay-type":"","overlay-color":"","overlay-opacity":"","overlay-gradient":""},"mobile":{"background-color":"var(--ast-global-color-5)","background-image":"","background-repeat":"repeat","background-position":"center center","background-size":"auto","background-attachment":"scroll","background-type":"","background-media":"","overlay-type":"","overlay-color":"","overlay-opacity":"","overlay-gradient":""}},"footnotes":""},"class_list":["post-2969","page","type-page","status-publish","hentry"],"_links":{"self":[{"href":"https:\/\/www.hda-services.com\/en\/wp-json\/wp\/v2\/pages\/2969","targetHints":{"allow":["GET"]}}],"collection":[{"href":"https:\/\/www.hda-services.com\/en\/wp-json\/wp\/v2\/pages"}],"about":[{"href":"https:\/\/www.hda-services.com\/en\/wp-json\/wp\/v2\/types\/page"}],"author":[{"embeddable":true,"href":"https:\/\/www.hda-services.com\/en\/wp-json\/wp\/v2\/users\/1"}],"replies":[{"embeddable":true,"href":"https:\/\/www.hda-services.com\/en\/wp-json\/wp\/v2\/comments?post=2969"}],"version-history":[{"count":7,"href":"https:\/\/www.hda-services.com\/en\/wp-json\/wp\/v2\/pages\/2969\/revisions"}],"predecessor-version":[{"id":3323,"href":"https:\/\/www.hda-services.com\/en\/wp-json\/wp\/v2\/pages\/2969\/revisions\/3323"}],"wp:attachment":[{"href":"https:\/\/www.hda-services.com\/en\/wp-json\/wp\/v2\/media?parent=2969"}],"curies":[{"name":"wp","href":"https:\/\/api.w.org\/{rel}","templated":true}]}}