{"id":3006,"date":"2023-08-26T14:05:23","date_gmt":"2023-08-26T12:05:23","guid":{"rendered":"https:\/\/www.hda-services.com\/politique-de-confidentialite\/"},"modified":"2024-02-18T22:04:52","modified_gmt":"2024-02-18T21:04:52","slug":"datenschutzrichtlinie","status":"publish","type":"page","link":"https:\/\/www.hda-services.com\/de\/datenschutzrichtlinie\/","title":{"rendered":"Datenschutzrichtlinie"},"content":{"rendered":"\t\t<div data-elementor-type=\"wp-page\" data-elementor-id=\"3006\" class=\"elementor elementor-3006 elementor-3\" data-elementor-post-type=\"page\">\n\t\t\t\t<div class=\"elementor-element elementor-element-6fdaabe e-flex e-con-boxed e-con e-parent\" data-id=\"6fdaabe\" data-element_type=\"container\" data-settings=\"{&quot;background_background&quot;:&quot;classic&quot;}\">\n\t\t\t\t\t<div class=\"e-con-inner\">\n\t\t\t\t<div class=\"elementor-element elementor-element-37d3b4d elementor-widget elementor-widget-heading\" data-id=\"37d3b4d\" data-element_type=\"widget\" data-widget_type=\"heading.default\">\n\t\t\t\t<div class=\"elementor-widget-container\">\n\t\t\t<style>\/*! elementor - v3.21.0 - 26-05-2024 *\/\n.elementor-heading-title{padding:0;margin:0;line-height:1}.elementor-widget-heading .elementor-heading-title[class*=elementor-size-]>a{color:inherit;font-size:inherit;line-height:inherit}.elementor-widget-heading .elementor-heading-title.elementor-size-small{font-size:15px}.elementor-widget-heading .elementor-heading-title.elementor-size-medium{font-size:19px}.elementor-widget-heading .elementor-heading-title.elementor-size-large{font-size:29px}.elementor-widget-heading .elementor-heading-title.elementor-size-xl{font-size:39px}.elementor-widget-heading .elementor-heading-title.elementor-size-xxl{font-size:59px}<\/style><h1 class=\"elementor-heading-title elementor-size-default\">Datenschutzrichtlinie<\/h1>\t\t<\/div>\n\t\t\t\t<\/div>\n\t\t\t\t<div class=\"elementor-element elementor-element-5b3d720 elementor-widget elementor-widget-heading\" data-id=\"5b3d720\" data-element_type=\"widget\" data-widget_type=\"heading.default\">\n\t\t\t\t<div class=\"elementor-widget-container\">\n\t\t\t<h2 class=\"elementor-heading-title elementor-size-default\">HDA Services - Umzug nach Genf, Waadt und Z\u00fcrich<\/h2>\t\t<\/div>\n\t\t\t\t<\/div>\n\t\t\t\t\t<\/div>\n\t\t\t\t<\/div>\n\t\t<div class=\"elementor-element elementor-element-25f85f1 e-flex e-con-boxed e-con e-parent\" data-id=\"25f85f1\" data-element_type=\"container\">\n\t\t\t\t\t<div class=\"e-con-inner\">\n\t\t<div class=\"elementor-element elementor-element-54af290 e-flex e-con-boxed e-con e-child\" data-id=\"54af290\" data-element_type=\"container\">\n\t\t\t\t\t<div class=\"e-con-inner\">\n\t\t\t\t<div class=\"elementor-element elementor-element-abf8a7b elementor-widget elementor-widget-text-editor\" data-id=\"abf8a7b\" data-element_type=\"widget\" data-widget_type=\"text-editor.default\">\n\t\t\t\t<div class=\"elementor-widget-container\">\n\t\t\t<style>\/*! elementor - v3.21.0 - 26-05-2024 *\/\n.elementor-widget-text-editor.elementor-drop-cap-view-stacked .elementor-drop-cap{background-color:#69727d;color:#fff}.elementor-widget-text-editor.elementor-drop-cap-view-framed .elementor-drop-cap{color:#69727d;border:3px solid;background-color:transparent}.elementor-widget-text-editor:not(.elementor-drop-cap-view-default) .elementor-drop-cap{margin-top:8px}.elementor-widget-text-editor:not(.elementor-drop-cap-view-default) .elementor-drop-cap-letter{width:1em;height:1em}.elementor-widget-text-editor .elementor-drop-cap{float:left;text-align:center;line-height:1;font-size:50px}.elementor-widget-text-editor .elementor-drop-cap-letter{display:inline-block}<\/style>\t\t\t\t<p><strong>Die Datenschutzerkl\u00e4rung kann jederzeit ge\u00e4ndert oder erg\u00e4nzt werden. Das Ziel besteht darin, alle gesetzlichen, beh\u00f6rdlichen, rechtswissenschaftlichen oder technologischen Entwicklungen einzuhalten und Sie als Benutzer zu warnen.<\/strong><\/p><p>Diese Datenschutzrichtlinie kann sich im Laufe der Zeit \u00e4ndern. Im Falle zuk\u00fcnftiger \u00c4nderungen oder zus\u00e4tzlicher Informationen wird das Datum der Aktualisierung oben in dieser Richtlinie deutlich angegeben. Daher sollte der Benutzer diese Vertraulichkeits- und Cookie-Verwendungsrichtlinie regelm\u00e4\u00dfig konsultieren, um \u00fcber etwaige \u00c4nderungen informiert zu sein.<\/p><p><strong>Sammlung von Informationen<\/strong><\/p><p>Wir erfassen Informationen, wenn Sie sich auf unserer Website registrieren oder uns auf der Kontaktseite schreiben. Zu den erfassten Informationen geh\u00f6ren Ihr Name und Ihre E-Mail-Adresse.<\/p><p>Dar\u00fcber hinaus empfangen und zeichnen wir automatisch Informationen von Ihrem Computer und Browser auf, einschlie\u00dflich Ihrer IP-Adresse, Software und Hardware sowie der von Ihnen angeforderten Seite.<\/p><p><strong>Verwendung von Informationen<\/strong><\/p><p>Alle Informationen, die wir von Ihnen sammeln, k\u00f6nnen verwendet werden, um :<\/p><ul><li>Personalisieren Sie Ihr Erlebnis und erf\u00fcllen Sie Ihre individuellen Bed\u00fcrfnisse,<\/li><li>Bereitstellung personalisierter Werbeinhalte,<\/li><li>Verbessern Sie unsere Website,<\/li><li>Verbessern Sie den Kundenservice und Ihren Supportbedarf,<\/li><li>Kontaktieren Sie Sie per E-Mail.<\/li><\/ul><p><strong>Weitergabe an Dritte<\/strong><\/p><p>Wir verkaufen, handeln oder \u00fcbermitteln Ihre personenbezogenen Daten nicht an Dritte. Dies gilt nicht f\u00fcr vertrauensw\u00fcrdige Dritte, die uns beim Betrieb unserer Website oder bei der F\u00fchrung unserer Gesch\u00e4fte unterst\u00fctzen, sofern diese Parteien sich verpflichten, diese Informationen vertraulich zu behandeln.<\/p><p>Wir glauben, dass es notwendig ist, Informationen weiterzugeben, um illegale Aktivit\u00e4ten, mutma\u00dflichen Betrug, Situationen mit potenziellen Bedrohungen f\u00fcr die k\u00f6rperliche Sicherheit von Personen, Verst\u00f6\u00dfe gegen unsere Nutzungsbedingungen zu untersuchen, zu verhindern oder entsprechende Ma\u00dfnahmen zu ergreifen, oder wenn das Gesetz dies verlangt tun Sie dies.<\/p><p>Nicht-private Informationen k\u00f6nnen jedoch an andere Parteien f\u00fcr Marketing-, Werbe- oder andere Zwecke weitergegeben werden.<\/p><p><strong>Datenschutz<\/strong><\/p><p>Wir implementieren verschiedene Sicherheitsma\u00dfnahmen, um Ihre pers\u00f6nlichen Daten zu sch\u00fctzen (SSL, DSGVO). Zum Schutz vertraulicher online \u00fcbertragener Informationen verwenden wir modernste Verschl\u00fcsselung. Wir sch\u00fctzen Ihre Daten auch offline. Nur Mitarbeiter, die eine bestimmte Aufgabe ausf\u00fchren m\u00fcssen (z. B. Rechnungsstellung oder Kundendienst), haben Zugriff auf personenbezogene Daten. Computer und Server, auf denen personenbezogene Daten gespeichert werden, werden in einer sicheren Umgebung aufbewahrt.<\/p><p><strong>Verwenden wir Cookies ?<\/strong><\/p><p>Ja. Unsere Cookies verbessern den Zugriff auf unsere Website und identifizieren wiederkehrende Besucher. Dar\u00fcber hinaus verbessern unsere Cookies das Benutzererlebnis, indem sie ihre Interessen verfolgen und gezielt darauf abzielen. Diese Verwendung von Cookies ist jedoch in keiner Weise mit personenbezogenen Daten auf unserer Website verkn\u00fcpft.<\/p><p><strong>Abmelden<\/strong><\/p><p>Wir nutzen die von Ihnen angegebene E-Mail-Adresse f\u00fcr den Versand von Informationen, beispielsweise per E-Mail. Wenn Sie sich zu irgendeinem Zeitpunkt abmelden und unsere Mailings nicht mehr erhalten m\u00f6chten, finden Sie unten in jeder E-Mail detaillierte Anweisungen zum Abbestellen.<\/p><p><strong>Einwilligung<\/strong><\/p><p>Durch die Nutzung unserer Website stimmen Sie unserer Datenschutzerkl\u00e4rung zu.<\/p>\t\t\t\t\t\t<\/div>\n\t\t\t\t<\/div>\n\t\t\t\t\t<\/div>\n\t\t\t\t<\/div>\n\t\t\t\t\t<\/div>\n\t\t\t\t<\/div>\n\t\t\t\t<\/div>\n\t\t","protected":false},"excerpt":{"rendered":"<p>Datenschutzrichtlinie HDA Services &#8211; Umzug nach Genf, Waadt und Z\u00fcrich Die Datenschutzerkl\u00e4rung kann jederzeit ge\u00e4ndert oder erg\u00e4nzt werden. Das Ziel besteht darin, alle gesetzlichen, beh\u00f6rdlichen, rechtswissenschaftlichen oder technologischen Entwicklungen einzuhalten und Sie als Benutzer zu warnen. Diese Datenschutzrichtlinie kann sich im Laufe der Zeit \u00e4ndern. Im Falle zuk\u00fcnftiger \u00c4nderungen oder zus\u00e4tzlicher Informationen wird das Datum [&hellip;]<\/p>\n","protected":false},"author":1,"featured_media":0,"parent":0,"menu_order":0,"comment_status":"closed","ping_status":"open","template":"","meta":{"site-sidebar-layout":"default","site-content-layout":"page-builder","ast-site-content-layout":"default","site-content-style":"default","site-sidebar-style":"default","ast-global-header-display":"","ast-banner-title-visibility":"disabled","ast-main-header-display":"","ast-hfb-above-header-display":"","ast-hfb-below-header-display":"","ast-hfb-mobile-header-display":"","site-post-title":"disabled","ast-breadcrumbs-content":"disabled","ast-featured-img":"disabled","footer-sml-layout":"disabled","theme-transparent-header-meta":"default","adv-header-id-meta":"","stick-header-meta":"","header-above-stick-meta":"","header-main-stick-meta":"","header-below-stick-meta":"","astra-migrate-meta-layouts":"set","ast-page-background-enabled":"default","ast-page-background-meta":{"desktop":{"background-color":"var(--ast-global-color-4)","background-image":"","background-repeat":"repeat","background-position":"center center","background-size":"auto","background-attachment":"scroll","background-type":"","background-media":"","overlay-type":"","overlay-color":"","overlay-opacity":"","overlay-gradient":""},"tablet":{"background-color":"","background-image":"","background-repeat":"repeat","background-position":"center center","background-size":"auto","background-attachment":"scroll","background-type":"","background-media":"","overlay-type":"","overlay-color":"","overlay-opacity":"","overlay-gradient":""},"mobile":{"background-color":"","background-image":"","background-repeat":"repeat","background-position":"center center","background-size":"auto","background-attachment":"scroll","background-type":"","background-media":"","overlay-type":"","overlay-color":"","overlay-opacity":"","overlay-gradient":""}},"ast-content-background-meta":{"desktop":{"background-color":"var(--ast-global-color-5)","background-image":"","background-repeat":"repeat","background-position":"center center","background-size":"auto","background-attachment":"scroll","background-type":"","background-media":"","overlay-type":"","overlay-color":"","overlay-opacity":"","overlay-gradient":""},"tablet":{"background-color":"var(--ast-global-color-5)","background-image":"","background-repeat":"repeat","background-position":"center center","background-size":"auto","background-attachment":"scroll","background-type":"","background-media":"","overlay-type":"","overlay-color":"","overlay-opacity":"","overlay-gradient":""},"mobile":{"background-color":"var(--ast-global-color-5)","background-image":"","background-repeat":"repeat","background-position":"center center","background-size":"auto","background-attachment":"scroll","background-type":"","background-media":"","overlay-type":"","overlay-color":"","overlay-opacity":"","overlay-gradient":""}},"footnotes":""},"class_list":["post-3006","page","type-page","status-publish","hentry"],"_links":{"self":[{"href":"https:\/\/www.hda-services.com\/de\/wp-json\/wp\/v2\/pages\/3006","targetHints":{"allow":["GET"]}}],"collection":[{"href":"https:\/\/www.hda-services.com\/de\/wp-json\/wp\/v2\/pages"}],"about":[{"href":"https:\/\/www.hda-services.com\/de\/wp-json\/wp\/v2\/types\/page"}],"author":[{"embeddable":true,"href":"https:\/\/www.hda-services.com\/de\/wp-json\/wp\/v2\/users\/1"}],"replies":[{"embeddable":true,"href":"https:\/\/www.hda-services.com\/de\/wp-json\/wp\/v2\/comments?post=3006"}],"version-history":[{"count":6,"href":"https:\/\/www.hda-services.com\/de\/wp-json\/wp\/v2\/pages\/3006\/revisions"}],"predecessor-version":[{"id":3474,"href":"https:\/\/www.hda-services.com\/de\/wp-json\/wp\/v2\/pages\/3006\/revisions\/3474"}],"wp:attachment":[{"href":"https:\/\/www.hda-services.com\/de\/wp-json\/wp\/v2\/media?parent=3006"}],"curies":[{"name":"wp","href":"https:\/\/api.w.org\/{rel}","templated":true}]}}