{"id":3003,"date":"2023-12-05T04:52:33","date_gmt":"2023-12-05T03:52:33","guid":{"rendered":"https:\/\/www.hda-services.com\/service-de-livraison-transport\/"},"modified":"2024-02-18T22:05:50","modified_gmt":"2024-02-18T21:05:50","slug":"liefer-transportservice","status":"publish","type":"page","link":"https:\/\/www.hda-services.com\/de\/liefer-transportservice\/","title":{"rendered":"Liefer- und Transportservice"},"content":{"rendered":"\t\t<div data-elementor-type=\"wp-page\" data-elementor-id=\"3003\" class=\"elementor elementor-3003 elementor-2306\" data-elementor-post-type=\"page\">\n\t\t\t\t<div class=\"elementor-element elementor-element-466d276 e-flex e-con-boxed e-con e-parent\" data-id=\"466d276\" data-element_type=\"container\" data-settings=\"{&quot;background_background&quot;:&quot;classic&quot;}\">\n\t\t\t\t\t<div class=\"e-con-inner\">\n\t\t\t\t<div class=\"elementor-element elementor-element-21a6d10 elementor-widget elementor-widget-heading\" data-id=\"21a6d10\" data-element_type=\"widget\" data-widget_type=\"heading.default\">\n\t\t\t\t<div class=\"elementor-widget-container\">\n\t\t\t<style>\/*! elementor - v3.21.0 - 26-05-2024 *\/\n.elementor-heading-title{padding:0;margin:0;line-height:1}.elementor-widget-heading .elementor-heading-title[class*=elementor-size-]>a{color:inherit;font-size:inherit;line-height:inherit}.elementor-widget-heading .elementor-heading-title.elementor-size-small{font-size:15px}.elementor-widget-heading .elementor-heading-title.elementor-size-medium{font-size:19px}.elementor-widget-heading .elementor-heading-title.elementor-size-large{font-size:29px}.elementor-widget-heading .elementor-heading-title.elementor-size-xl{font-size:39px}.elementor-widget-heading .elementor-heading-title.elementor-size-xxl{font-size:59px}<\/style><h1 class=\"elementor-heading-title elementor-size-default\">Lieferung &amp; Transport<\/h1>\t\t<\/div>\n\t\t\t\t<\/div>\n\t\t\t\t<div class=\"elementor-element elementor-element-aa0d9c9 elementor-widget elementor-widget-heading\" data-id=\"aa0d9c9\" data-element_type=\"widget\" data-widget_type=\"heading.default\">\n\t\t\t\t<div class=\"elementor-widget-container\">\n\t\t\t<h2 class=\"elementor-heading-title elementor-size-default\">HDA Services - Umzug nach Genf, Waadt und Z\u00fcrich<\/h2>\t\t<\/div>\n\t\t\t\t<\/div>\n\t\t\t\t\t<\/div>\n\t\t\t\t<\/div>\n\t\t<div class=\"elementor-element elementor-element-4d906da e-flex e-con-boxed e-con e-parent\" data-id=\"4d906da\" data-element_type=\"container\">\n\t\t\t\t\t<div class=\"e-con-inner\">\n\t\t<div class=\"elementor-element elementor-element-84048f4 e-flex e-con-boxed e-con e-child\" data-id=\"84048f4\" data-element_type=\"container\">\n\t\t\t\t\t<div class=\"e-con-inner\">\n\t\t\t\t<div class=\"elementor-element elementor-element-87a8309 elementor-widget elementor-widget-heading\" data-id=\"87a8309\" data-element_type=\"widget\" data-widget_type=\"heading.default\">\n\t\t\t\t<div class=\"elementor-widget-container\">\n\t\t\t<h2 class=\"elementor-heading-title elementor-size-default\">Effizienter und kosteng\u00fcnstiger Liefer- und Transportservice von Genf und Lausanne : HDA steht Ihnen zur Verf\u00fcgung<\/h2>\t\t<\/div>\n\t\t\t\t<\/div>\n\t\t\t\t\t<\/div>\n\t\t\t\t<\/div>\n\t\t<div class=\"elementor-element elementor-element-21a8d24 e-con-full e-flex e-con e-child\" data-id=\"21a8d24\" data-element_type=\"container\">\n\t\t\t\t<div class=\"elementor-element elementor-element-1f4d457 elementor-widget elementor-widget-heading\" data-id=\"1f4d457\" data-element_type=\"widget\" data-widget_type=\"heading.default\">\n\t\t\t\t<div class=\"elementor-widget-container\">\n\t\t\t<p class=\"elementor-heading-title elementor-size-default\">Suchen Sie eine zuverl\u00e4ssige und kosteng\u00fcnstige Liefer- und Transportl\u00f6sung von Genf und Lausanne in die ganze Schweiz ? Suchen Sie nicht weiter, denn HDA Services bietet Ihnen einen kompletten Liefer- und Transportservice mit unseren speziellen Fahrzeugen. Wir sorgen f\u00fcr den sicheren Transport aller Arten von Paketen, einschlie\u00dflich wertvoller Gegenst\u00e4nde.<\/p>\t\t<\/div>\n\t\t\t\t<\/div>\n\t\t\t\t<div class=\"elementor-element elementor-element-598868c elementor-widget elementor-widget-heading\" data-id=\"598868c\" data-element_type=\"widget\" data-widget_type=\"heading.default\">\n\t\t\t\t<div class=\"elementor-widget-container\">\n\t\t\t<p class=\"elementor-heading-title elementor-size-default\">Unser Leistungsspektrum umfasst verschiedene Optionen, von der Lieferung bis zur Haust\u00fcr mit oder ohne Montage. Entscheiden Sie sich f\u00fcr unseren R\u00e4umungsservice f\u00fcr die \u00f6kologische Verwertung Ihrer Altm\u00f6bel. Dar\u00fcber hinaus unterst\u00fctzen wir Sie bei der Installation Ihrer neuen Ger\u00e4te oder anderen spezifischen Anforderungen.<\/p>\t\t<\/div>\n\t\t\t\t<\/div>\n\t\t\t\t<div class=\"elementor-element elementor-element-ad1365d elementor-widget elementor-widget-heading\" data-id=\"ad1365d\" data-element_type=\"widget\" data-widget_type=\"heading.default\">\n\t\t\t\t<div class=\"elementor-widget-container\">\n\t\t\t<p class=\"elementor-heading-title elementor-size-default\">Ob f\u00fcr die Lieferung von M\u00f6beln aus renommierten Gesch\u00e4ften wie Ikea, Conforama, Roche Bobois, Pfister usw., den Auf- und Abbau Ihrer M\u00f6bel, die Verwaltung kleiner und gro\u00dfer Pakete oder die schnelle Lieferung aus Online-Shops, wir sind daf\u00fcr ger\u00fcstet entspricht deinen Bed\u00fcrfnissen.<\/p>\t\t<\/div>\n\t\t\t\t<\/div>\n\t\t\t\t<\/div>\n\t\t<div class=\"elementor-element elementor-element-69ac2c2 e-con-full e-flex e-con e-child\" data-id=\"69ac2c2\" data-element_type=\"container\">\n\t\t\t\t<div class=\"elementor-element elementor-element-794f5e9 animated-slow elementor-invisible elementor-widget elementor-widget-image\" data-id=\"794f5e9\" data-element_type=\"widget\" data-settings=\"{&quot;_animation&quot;:&quot;fadeIn&quot;}\" data-widget_type=\"image.default\">\n\t\t\t\t<div class=\"elementor-widget-container\">\n\t\t\t<style>\/*! elementor - v3.21.0 - 26-05-2024 *\/\n.elementor-widget-image{text-align:center}.elementor-widget-image a{display:inline-block}.elementor-widget-image a img[src$=\".svg\"]{width:48px}.elementor-widget-image img{vertical-align:middle;display:inline-block}<\/style>\t\t\t\t\t\t\t\t\t\t<img fetchpriority=\"high\" decoding=\"async\" width=\"1000\" height=\"667\" src=\"https:\/\/www.hda-services.com\/wp-content\/uploads\/2023\/12\/hda-services-entreprise-demenagement-expert-demenageur-geneve-lausanne-vaud-zurich-suisse-international-service-devis-gratuit-072.jpg\" class=\"attachment-full size-full wp-image-2566\" alt=\"d\u00e9m\u00e9nagement gen\u00e8ve vaud zurich lausanne suisse local international expert sp\u00e9cialiste partenaire devis gratuit hda services moving geneva switzerland specialist partner free quote umzug genf waadt schweiz lokaler internationaler experte fachpartner kostenloses angebot\" srcset=\"https:\/\/www.hda-services.com\/wp-content\/uploads\/2023\/12\/hda-services-entreprise-demenagement-expert-demenageur-geneve-lausanne-vaud-zurich-suisse-international-service-devis-gratuit-072.jpg 1000w, https:\/\/www.hda-services.com\/wp-content\/uploads\/2023\/12\/hda-services-entreprise-demenagement-expert-demenageur-geneve-lausanne-vaud-zurich-suisse-international-service-devis-gratuit-072-300x200.jpg 300w, https:\/\/www.hda-services.com\/wp-content\/uploads\/2023\/12\/hda-services-entreprise-demenagement-expert-demenageur-geneve-lausanne-vaud-zurich-suisse-international-service-devis-gratuit-072-768x512.jpg 768w\" sizes=\"(max-width: 1000px) 100vw, 1000px\" \/>\t\t\t\t\t\t\t\t\t\t\t\t\t<\/div>\n\t\t\t\t<\/div>\n\t\t\t\t<\/div>\n\t\t<div class=\"elementor-element elementor-element-daf0e99 e-con-full e-flex e-con e-child\" data-id=\"daf0e99\" data-element_type=\"container\">\n\t\t\t\t<div class=\"elementor-element elementor-element-0eeb0d5 elementor-widget elementor-widget-heading\" data-id=\"0eeb0d5\" data-element_type=\"widget\" data-widget_type=\"heading.default\">\n\t\t\t\t<div class=\"elementor-widget-container\">\n\t\t\t<h2 class=\"elementor-heading-title elementor-size-default\">Rufen Sie uns f\u00fcr die Lieferung von Motorr\u00e4dern und gewerblichen G\u00fctern an<\/h2>\t\t<\/div>\n\t\t\t\t<\/div>\n\t\t\t\t<div class=\"elementor-element elementor-element-3bbf49b elementor-widget elementor-widget-heading\" data-id=\"3bbf49b\" data-element_type=\"widget\" data-widget_type=\"heading.default\">\n\t\t\t\t<div class=\"elementor-widget-container\">\n\t\t\t<h2 class=\"elementor-heading-title elementor-size-default\">Nutzen Sie unseren 23m LKW f\u00fcr diverse Transporte.<\/h2>\t\t<\/div>\n\t\t\t\t<\/div>\n\t\t\t\t<div class=\"elementor-element elementor-element-74ec7b1 elementor-widget elementor-widget-heading\" data-id=\"74ec7b1\" data-element_type=\"widget\" data-widget_type=\"heading.default\">\n\t\t\t\t<div class=\"elementor-widget-container\">\n\t\t\t<h2 class=\"elementor-heading-title elementor-size-default\">Holen Sie sich jetzt ein kostenloses Angebot ein und profitieren Sie von einem hochwertigen und wirtschaftlichen Liefer- und Transportservice mit HDA Services.<\/h2>\t\t<\/div>\n\t\t\t\t<\/div>\n\t\t\t\t<\/div>\n\t\t\t\t\t<\/div>\n\t\t\t\t<\/div>\n\t\t<div class=\"elementor-element elementor-element-d9cf09a e-con-full e-flex e-con e-parent\" data-id=\"d9cf09a\" data-element_type=\"container\">\n\t\t\t\t<div class=\"elementor-element elementor-element-b731ef5 elementor-widget elementor-widget-template\" data-id=\"b731ef5\" data-element_type=\"widget\" data-widget_type=\"template.default\">\n\t\t\t\t<div class=\"elementor-widget-container\">\n\t\t\t\t\t<div class=\"elementor-template\">\n\t\t\t\t\t<div data-elementor-type=\"section\" data-elementor-id=\"3049\" class=\"elementor elementor-3049 elementor-2185\" data-elementor-post-type=\"elementor_library\">\n\t\t\t<div class=\"elementor-element elementor-element-1595a07 e-con-full e-flex e-con e-parent\" data-id=\"1595a07\" data-element_type=\"container\" data-settings=\"{&quot;background_background&quot;:&quot;classic&quot;}\">\n\t\t<div class=\"elementor-element elementor-element-1846616 e-flex e-con-boxed e-con e-child\" data-id=\"1846616\" data-element_type=\"container\">\n\t\t\t\t\t<div class=\"e-con-inner\">\n\t\t<div class=\"elementor-element elementor-element-daa3587 e-flex e-con-boxed e-con e-child\" data-id=\"daa3587\" data-element_type=\"container\">\n\t\t\t\t\t<div class=\"e-con-inner\">\n\t\t\t\t<div class=\"elementor-element elementor-element-ed3e803 elementor-widget elementor-widget-heading\" data-id=\"ed3e803\" data-element_type=\"widget\" data-widget_type=\"heading.default\">\n\t\t\t\t<div class=\"elementor-widget-container\">\n\t\t\t<h2 class=\"elementor-heading-title elementor-size-default\">Sie haben eine Anfrage ? Ein Projekt ?<\/h2>\t\t<\/div>\n\t\t\t\t<\/div>\n\t\t\t\t<div class=\"elementor-element elementor-element-d5b76bb elementor-align-left elementor-widget elementor-widget-button\" data-id=\"d5b76bb\" data-element_type=\"widget\" data-widget_type=\"button.default\">\n\t\t\t\t<div class=\"elementor-widget-container\">\n\t\t\t\t\t<div class=\"elementor-button-wrapper\">\n\t\t\t<a class=\"elementor-button elementor-button-link elementor-size-sm\" href=\"https:\/\/www.hda-services.com\/de\/taschenrechner\/\">\n\t\t\t\t\t\t<span class=\"elementor-button-content-wrapper\">\n\t\t\t\t\t\t\t\t\t<span class=\"elementor-button-text\">Taschenrechner m3 online<\/span>\n\t\t\t\t\t<\/span>\n\t\t\t\t\t<\/a>\n\t\t<\/div>\n\t\t\t\t<\/div>\n\t\t\t\t<\/div>\n\t\t\t\t<div class=\"elementor-element elementor-element-832f653 elementor-align-left elementor-widget elementor-widget-button\" data-id=\"832f653\" data-element_type=\"widget\" data-widget_type=\"button.default\">\n\t\t\t\t<div class=\"elementor-widget-container\">\n\t\t\t\t\t<div class=\"elementor-button-wrapper\">\n\t\t\t<a class=\"elementor-button elementor-button-link elementor-size-sm\" href=\"https:\/\/www.hda-services.com\/de\/kostenloses-angebot\/\">\n\t\t\t\t\t\t<span class=\"elementor-button-content-wrapper\">\n\t\t\t\t\t\t\t\t\t<span class=\"elementor-button-text\">Kostenloses Angebot anfordern<\/span>\n\t\t\t\t\t<\/span>\n\t\t\t\t\t<\/a>\n\t\t<\/div>\n\t\t\t\t<\/div>\n\t\t\t\t<\/div>\n\t\t\t\t<div class=\"elementor-element elementor-element-af256e6 elementor-align-left elementor-widget elementor-widget-button\" data-id=\"af256e6\" data-element_type=\"widget\" data-widget_type=\"button.default\">\n\t\t\t\t<div class=\"elementor-widget-container\">\n\t\t\t\t\t<div class=\"elementor-button-wrapper\">\n\t\t\t<a class=\"elementor-button elementor-button-link elementor-size-sm\" href=\"https:\/\/www.hda-services.com\/de\/kontakt\/\">\n\t\t\t\t\t\t<span class=\"elementor-button-content-wrapper\">\n\t\t\t\t\t\t\t\t\t<span class=\"elementor-button-text\">Kontaktiere uns<\/span>\n\t\t\t\t\t<\/span>\n\t\t\t\t\t<\/a>\n\t\t<\/div>\n\t\t\t\t<\/div>\n\t\t\t\t<\/div>\n\t\t\t\t\t<\/div>\n\t\t\t\t<\/div>\n\t\t\t\t\t<\/div>\n\t\t\t\t<\/div>\n\t\t\t\t<\/div>\n\t\t<div class=\"elementor-element elementor-element-d819d78 e-flex e-con-boxed e-con e-parent\" data-id=\"d819d78\" data-element_type=\"container\">\n\t\t\t\t\t<div class=\"e-con-inner\">\n\t\t<div class=\"elementor-element elementor-element-2fc0448 e-con-full e-flex e-con e-child\" data-id=\"2fc0448\" data-element_type=\"container\">\n\t\t\t\t<div class=\"elementor-element elementor-element-a4c004a elementor-widget elementor-widget-heading\" data-id=\"a4c004a\" data-element_type=\"widget\" data-widget_type=\"heading.default\">\n\t\t\t\t<div class=\"elementor-widget-container\">\n\t\t\t<h2 class=\"elementor-heading-title elementor-size-default\">HDA Services : Ihr vertrauensw\u00fcrdiger Partner f\u00fcr einen stressfreien Umzug in Genf, Waadt, Z\u00fcrich und international<\/h2>\t\t<\/div>\n\t\t\t\t<\/div>\n\t\t\t\t<\/div>\n\t\t<div class=\"elementor-element elementor-element-ab39304 e-con-full e-flex e-con e-child\" data-id=\"ab39304\" data-element_type=\"container\">\n\t\t\t\t<div class=\"elementor-element elementor-element-53f140b animated-slow elementor-invisible elementor-widget elementor-widget-image\" data-id=\"53f140b\" data-element_type=\"widget\" data-settings=\"{&quot;_animation&quot;:&quot;fadeInUp&quot;}\" data-widget_type=\"image.default\">\n\t\t\t\t<div class=\"elementor-widget-container\">\n\t\t\t\t\t\t\t\t\t\t\t\t\t<img decoding=\"async\" width=\"260\" height=\"180\" src=\"https:\/\/www.hda-services.com\/wp-content\/uploads\/2023\/12\/hda-services-entreprise-demenagement-expert-demenageur-geneve-lausanne-vaud-zurich-suisse-international-service-devis-gratuit-026.png\" class=\"attachment-full size-full wp-image-2681\" alt=\"d\u00e9m\u00e9nagement gen\u00e8ve vaud zurich lausanne suisse local international expert sp\u00e9cialiste partenaire devis gratuit hda services moving geneva switzerland specialist partner free quote umzug genf waadt schweiz lokaler internationaler experte fachpartner kostenloses angebot\" \/>\t\t\t\t\t\t\t\t\t\t\t\t\t<\/div>\n\t\t\t\t<\/div>\n\t\t\t\t<div class=\"elementor-element elementor-element-86e080f elementor-widget elementor-widget-heading\" data-id=\"86e080f\" data-element_type=\"widget\" data-widget_type=\"heading.default\">\n\t\t\t\t<div class=\"elementor-widget-container\">\n\t\t\t<p class=\"elementor-heading-title elementor-size-default\">Effektives Management auf allen Ebenen<\/p>\t\t<\/div>\n\t\t\t\t<\/div>\n\t\t\t\t<div class=\"elementor-element elementor-element-f7b07e4 elementor-widget elementor-widget-heading\" data-id=\"f7b07e4\" data-element_type=\"widget\" data-widget_type=\"heading.default\">\n\t\t\t\t<div class=\"elementor-widget-container\">\n\t\t\t<h2 class=\"elementor-heading-title elementor-size-default\">Unser Team sorgt f\u00fcr ein effizientes Management auf allen Ebenen, von der Verpackung bis zur Logistik, und sorgt so f\u00fcr einen reibungslosen und erfolgreichen Umzug.<\/h2>\t\t<\/div>\n\t\t\t\t<\/div>\n\t\t\t\t<\/div>\n\t\t<div class=\"elementor-element elementor-element-7eae5a1 e-con-full e-flex e-con e-child\" data-id=\"7eae5a1\" data-element_type=\"container\">\n\t\t\t\t<div class=\"elementor-element elementor-element-44d8919 animated-slow elementor-invisible elementor-widget elementor-widget-image\" data-id=\"44d8919\" data-element_type=\"widget\" data-settings=\"{&quot;_animation&quot;:&quot;fadeInUp&quot;}\" data-widget_type=\"image.default\">\n\t\t\t\t<div class=\"elementor-widget-container\">\n\t\t\t\t\t\t\t\t\t\t\t\t\t<img decoding=\"async\" width=\"260\" height=\"180\" src=\"https:\/\/www.hda-services.com\/wp-content\/uploads\/2023\/12\/hda-services-entreprise-demenagement-expert-demenageur-geneve-lausanne-vaud-zurich-suisse-international-service-devis-gratuit-027.png\" class=\"attachment-full size-full wp-image-2684\" alt=\"d\u00e9m\u00e9nagement gen\u00e8ve vaud zurich lausanne suisse local international expert sp\u00e9cialiste partenaire devis gratuit hda services moving geneva switzerland specialist partner free quote umzug genf waadt schweiz lokaler internationaler experte fachpartner kostenloses angebot\" \/>\t\t\t\t\t\t\t\t\t\t\t\t\t<\/div>\n\t\t\t\t<\/div>\n\t\t\t\t<div class=\"elementor-element elementor-element-0009c27 elementor-widget elementor-widget-heading\" data-id=\"0009c27\" data-element_type=\"widget\" data-widget_type=\"heading.default\">\n\t\t\t\t<div class=\"elementor-widget-container\">\n\t\t\t<p class=\"elementor-heading-title elementor-size-default\">Globale Expertise<\/p>\t\t<\/div>\n\t\t\t\t<\/div>\n\t\t\t\t<div class=\"elementor-element elementor-element-9ce88db elementor-widget elementor-widget-heading\" data-id=\"9ce88db\" data-element_type=\"widget\" data-widget_type=\"heading.default\">\n\t\t\t\t<div class=\"elementor-widget-container\">\n\t\t\t<h2 class=\"elementor-heading-title elementor-size-default\">Mit globaler Expertise sorgt HDA Services f\u00fcr reibungslose internationale Umz\u00fcge mit vollst\u00e4ndiger und effizienter Verwaltung.<\/h2>\t\t<\/div>\n\t\t\t\t<\/div>\n\t\t\t\t<\/div>\n\t\t<div class=\"elementor-element elementor-element-9e2e5c0 e-con-full e-flex e-con e-child\" data-id=\"9e2e5c0\" data-element_type=\"container\">\n\t\t\t\t<div class=\"elementor-element elementor-element-4b44469 animated-slow elementor-invisible elementor-widget elementor-widget-image\" data-id=\"4b44469\" data-element_type=\"widget\" data-settings=\"{&quot;_animation&quot;:&quot;fadeInUp&quot;}\" data-widget_type=\"image.default\">\n\t\t\t\t<div class=\"elementor-widget-container\">\n\t\t\t\t\t\t\t\t\t\t\t\t\t<img loading=\"lazy\" decoding=\"async\" width=\"260\" height=\"180\" src=\"https:\/\/www.hda-services.com\/wp-content\/uploads\/2023\/12\/hda-services-entreprise-demenagement-expert-demenageur-geneve-lausanne-vaud-zurich-suisse-international-service-devis-gratuit-028.png\" class=\"attachment-full size-full wp-image-2687\" alt=\"d\u00e9m\u00e9nagement gen\u00e8ve vaud zurich lausanne suisse local international expert sp\u00e9cialiste partenaire devis gratuit hda services moving geneva switzerland specialist partner free quote umzug genf waadt schweiz lokaler internationaler experte fachpartner kostenloses angebot\" \/>\t\t\t\t\t\t\t\t\t\t\t\t\t<\/div>\n\t\t\t\t<\/div>\n\t\t\t\t<div class=\"elementor-element elementor-element-70e1bf4 elementor-widget elementor-widget-heading\" data-id=\"70e1bf4\" data-element_type=\"widget\" data-widget_type=\"heading.default\">\n\t\t\t\t<div class=\"elementor-widget-container\">\n\t\t\t<p class=\"elementor-heading-title elementor-size-default\">Vollst\u00e4ndige Anpassung<\/p>\t\t<\/div>\n\t\t\t\t<\/div>\n\t\t\t\t<div class=\"elementor-element elementor-element-93554f5 elementor-widget elementor-widget-heading\" data-id=\"93554f5\" data-element_type=\"widget\" data-widget_type=\"heading.default\">\n\t\t\t\t<div class=\"elementor-widget-container\">\n\t\t\t<h2 class=\"elementor-heading-title elementor-size-default\">HDA Services bietet vollst\u00e4ndige Individualisierung und passt jeden Umzug an Ihre spezifischen Bed\u00fcrfnisse an, um ein ma\u00dfgeschneidertes, sorgenfreies Erlebnis zu gew\u00e4hrleisten.<\/h2>\t\t<\/div>\n\t\t\t\t<\/div>\n\t\t\t\t<\/div>\n\t\t\t\t\t<\/div>\n\t\t\t\t<\/div>\n\t\t\t\t<\/div>\n\t\t\t\t<\/div>\n\t\t\t\t<\/div>\n\t\t\t\t<\/div>\n\t\t\t\t<\/div>\n\t\t\t\t<\/div>\n\t\t","protected":false},"excerpt":{"rendered":"<p>Lieferung &amp; Transport HDA Services &#8211; Umzug nach Genf, Waadt und Z\u00fcrich Effizienter und kosteng\u00fcnstiger Liefer- und Transportservice von Genf und Lausanne : HDA steht Ihnen zur Verf\u00fcgung Suchen Sie eine zuverl\u00e4ssige und kosteng\u00fcnstige Liefer- und Transportl\u00f6sung von Genf und Lausanne in die ganze Schweiz ? Suchen Sie nicht weiter, denn HDA Services bietet Ihnen [&hellip;]<\/p>\n","protected":false},"author":1,"featured_media":0,"parent":0,"menu_order":0,"comment_status":"closed","ping_status":"closed","template":"","meta":{"site-sidebar-layout":"default","site-content-layout":"page-builder","ast-site-content-layout":"default","site-content-style":"default","site-sidebar-style":"default","ast-global-header-display":"","ast-banner-title-visibility":"disabled","ast-main-header-display":"","ast-hfb-above-header-display":"","ast-hfb-below-header-display":"","ast-hfb-mobile-header-display":"","site-post-title":"disabled","ast-breadcrumbs-content":"disabled","ast-featured-img":"disabled","footer-sml-layout":"disabled","theme-transparent-header-meta":"default","adv-header-id-meta":"","stick-header-meta":"","header-above-stick-meta":"","header-main-stick-meta":"","header-below-stick-meta":"","astra-migrate-meta-layouts":"set","ast-page-background-enabled":"default","ast-page-background-meta":{"desktop":{"background-color":"var(--ast-global-color-4)","background-image":"","background-repeat":"repeat","background-position":"center center","background-size":"auto","background-attachment":"scroll","background-type":"","background-media":"","overlay-type":"","overlay-color":"","overlay-opacity":"","overlay-gradient":""},"tablet":{"background-color":"","background-image":"","background-repeat":"repeat","background-position":"center center","background-size":"auto","background-attachment":"scroll","background-type":"","background-media":"","overlay-type":"","overlay-color":"","overlay-opacity":"","overlay-gradient":""},"mobile":{"background-color":"","background-image":"","background-repeat":"repeat","background-position":"center center","background-size":"auto","background-attachment":"scroll","background-type":"","background-media":"","overlay-type":"","overlay-color":"","overlay-opacity":"","overlay-gradient":""}},"ast-content-background-meta":{"desktop":{"background-color":"var(--ast-global-color-5)","background-image":"","background-repeat":"repeat","background-position":"center center","background-size":"auto","background-attachment":"scroll","background-type":"","background-media":"","overlay-type":"","overlay-color":"","overlay-opacity":"","overlay-gradient":""},"tablet":{"background-color":"var(--ast-global-color-5)","background-image":"","background-repeat":"repeat","background-position":"center center","background-size":"auto","background-attachment":"scroll","background-type":"","background-media":"","overlay-type":"","overlay-color":"","overlay-opacity":"","overlay-gradient":""},"mobile":{"background-color":"var(--ast-global-color-5)","background-image":"","background-repeat":"repeat","background-position":"center center","background-size":"auto","background-attachment":"scroll","background-type":"","background-media":"","overlay-type":"","overlay-color":"","overlay-opacity":"","overlay-gradient":""}},"footnotes":""},"class_list":["post-3003","page","type-page","status-publish","hentry"],"_links":{"self":[{"href":"https:\/\/www.hda-services.com\/de\/wp-json\/wp\/v2\/pages\/3003","targetHints":{"allow":["GET"]}}],"collection":[{"href":"https:\/\/www.hda-services.com\/de\/wp-json\/wp\/v2\/pages"}],"about":[{"href":"https:\/\/www.hda-services.com\/de\/wp-json\/wp\/v2\/types\/page"}],"author":[{"embeddable":true,"href":"https:\/\/www.hda-services.com\/de\/wp-json\/wp\/v2\/users\/1"}],"replies":[{"embeddable":true,"href":"https:\/\/www.hda-services.com\/de\/wp-json\/wp\/v2\/comments?post=3003"}],"version-history":[{"count":6,"href":"https:\/\/www.hda-services.com\/de\/wp-json\/wp\/v2\/pages\/3003\/revisions"}],"predecessor-version":[{"id":3481,"href":"https:\/\/www.hda-services.com\/de\/wp-json\/wp\/v2\/pages\/3003\/revisions\/3481"}],"wp:attachment":[{"href":"https:\/\/www.hda-services.com\/de\/wp-json\/wp\/v2\/media?parent=3003"}],"curies":[{"name":"wp","href":"https:\/\/api.w.org\/{rel}","templated":true}]}}